{"id":2828,"date":"2024-02-23T16:22:44","date_gmt":"2024-02-23T15:22:44","guid":{"rendered":"https:\/\/azurea.ch\/?page_id=2828"},"modified":"2024-02-26T11:35:11","modified_gmt":"2024-02-26T10:35:11","slug":"datenschutzrichtlinien","status":"publish","type":"page","link":"https:\/\/azurea.ch\/de\/politiques-de-confidentialite\/","title":{"rendered":"Datenschutzrichtlinien"},"content":{"rendered":"<div data-elementor-type=\"wp-page\" data-elementor-id=\"2828\" class=\"elementor elementor-2828\" data-elementor-post-type=\"page\">\n\t\t\t\t<div data-particle_enable=\"false\" data-particle-mobile-disabled=\"false\" class=\"elementor-element elementor-element-24f80ab e-flex e-con-boxed e-con e-parent\" data-id=\"24f80ab\" data-element_type=\"container\" data-e-type=\"container\">\n\t\t\t\t\t<div class=\"e-con-inner\">\n\t\t\t\t<div class=\"elementor-element elementor-element-81e87ed elementor-widget elementor-widget-heading\" data-id=\"81e87ed\" data-element_type=\"widget\" data-e-type=\"widget\" data-widget_type=\"heading.default\">\n\t\t\t\t\t<h2 class=\"elementor-heading-title elementor-size-default\">Datenschutzrichtlinie<\/h2>\t\t\t\t<\/div>\n\t\t\t\t\t<\/div>\n\t\t\t\t<\/div>\n\t\t<div data-particle_enable=\"false\" data-particle-mobile-disabled=\"false\" class=\"elementor-element elementor-element-7ff8eaf e-con-full e-flex e-con e-parent\" data-id=\"7ff8eaf\" data-element_type=\"container\" data-e-type=\"container\">\n\t\t\t\t<div class=\"elementor-element elementor-element-451511b elementor-widget elementor-widget-text-editor\" data-id=\"451511b\" data-element_type=\"widget\" data-e-type=\"widget\" data-widget_type=\"text-editor.default\">\n\t\t\t\t\t\t\t\t\t<p>Die Azurea Group (im Folgenden \"Azurea Group\" oder \"wir\") legt besonderen Wert auf den Schutz der pers\u00f6nlichen Daten der Besucher ihrer Website und verpflichtet sich in dieser Hinsicht, die Vertraulichkeit der gesammelten Daten zu wahren. Diese Datenschutzrichtlinie beschreibt die Art der personenbezogenen Daten, die wir sammeln, sowie die Art und Weise, wie wir diese Daten verarbeiten.<\/p><p>\u00a0<\/p><p><strong>\u00a0Pers\u00f6nliche Daten, die wir<\/strong><strong style=\"color: var( --e-global-color-text ); font-family: var( --e-global-typography-text-font-family ), Sans-serif; font-size: var( --e-global-typography-text-font-size ); text-align: var(--text-align);\">\u00a0k\u00f6nnen sammeln<\/strong><\/p><ul><li>Wir k\u00f6nnen Informationen \u00fcber Ihre Besuche auf unserer Website sammeln, darunter insbesondere Verkehrsdaten, Standortdaten, den Inhalt von Umfragen und Kontaktformularen sowie andere Kommunikations- und Ressourcendaten, auf die Sie Zugriff haben. Beispielsweise werden diese Informationen Ihre k\u00fcnftigen Besuche der Website insofern erleichtern, als wir Inhalte oder Dienstleistungen auf der Grundlage des Ortes, von dem aus Sie auf die Website zugreifen, vorschlagen k\u00f6nnen.<\/li><li>Wenn Sie sich mit uns in Verbindung setzen, k\u00f6nnen wir eine Kopie dieser Korrespondenz aufbewahren.<\/li><li>Wir sammeln auch Informationen \u00fcber die Gesamtheit der Nutzer der Website in aggregierter Form. Dies erm\u00f6glicht es uns, die Nutzer der Website als Gruppe besser zu verstehen, ohne dass wir Informationen enthalten, mit denen Sie pers\u00f6nlich identifiziert werden k\u00f6nnen.<\/li><li>Wir k\u00f6nnen die Informationen auch f\u00fcr Direktmarketingaktivit\u00e4ten per E-Mail, Nachricht und Telefon verwenden. Sie haben jedoch die M\u00f6glichkeit, jederzeit auf den Erhalt unserer zuk\u00fcnftigen Marketingmitteilungen zu verzichten.<\/li><li>Wir k\u00f6nnen auch Cookies speichern, wie unten genauer definiert.<\/li><\/ul><div><br \/><br \/><\/div><p><strong>Verwendung von pers\u00f6nlichen Daten<\/strong><\/p><p>Wir erheben und verarbeiten personenbezogene Daten f\u00fcr folgende Zwecke:<\/p><ul><li>Inhalte und Dienste an Ihre Vorlieben anzupassen.<\/li><li>Sie per E-Mail, Telefon und\/oder Post \u00fcber unsere Dienstleistungen auf dem Laufenden zu halten.<\/li><li>Ihnen zus\u00e4tzliche Dienstleistungen - wie Newsletter oder Informationen \u00fcber bevorstehende Veranstaltungen - zur Verf\u00fcgung zu stellen, die wir Ihnen m\u00f6glicherweise anbieten.<\/li><li>Um es uns zu erm\u00f6glichen, die Inhalte und Dienste, die f\u00fcr Sie am wichtigsten sind, zu erstellen, zu ver\u00f6ffentlichen und zu verbessern.<\/li><li>Sicherstellen, dass die \u00fcber die Website bereitgestellten Inhalte und Dienstleistungen auf die f\u00fcr Sie und Ihre elektronischen Ger\u00e4te effektivste Weise dargestellt werden.<\/li><li>Um Ihnen die M\u00f6glichkeit zu geben, an interaktiven Veranstaltungen teilzunehmen, wenn Sie dies w\u00fcnschen.<\/li><li>Zur Entwicklung und Verbesserung unserer Website, ihres Inhalts, unserer Dienstleistungen und unserer Systeme.<\/li><\/ul><div><br \/><br \/><\/div><p><strong>Weitergabe an Dritte<\/strong><\/p><p>Um die Website, die Inhalte und die auf der Website zug\u00e4nglichen Dienste bereitzustellen, kann es manchmal notwendig sein, Ihre pers\u00f6nlichen Daten an Dritte weiterzugeben:<\/p><ul><li>An Lieferanten, Auftragnehmer und Bevollm\u00e4chtigte: Gelegentlich k\u00f6nnen wir andere Unternehmen oder Personen beauftragen oder anstellen, um Inhalte bereitzustellen und Dienstleistungen in unserem Namen auszuf\u00fchren. Dies umfasst beispielsweise das Hosting von Inhalten auf der Website und die Bereitstellung bestimmter auf der Website enthaltener Materialien.<\/li><li>An andere Unternehmen, die der Azurea Group angeh\u00f6ren, einschlie\u00dflich ihrer Lieferanten, Auftragnehmer und Bevollm\u00e4chtigten, die m\u00f6glicherweise an der Bereitstellung der Website oder ihrer Inhalte beteiligt sind.<\/li><li>An Verwaltungs- oder Strafbeh\u00f6rden, wenn wir nach unserem freien Ermessen der Ansicht sind, dass uns eine solche Verpflichtung obliegt.<\/li><\/ul><div>\u00a0<\/div><div>\u00a0<\/div><p><strong>IP-Adressen und Cookies<\/strong><\/p><ol><li>Arten der verwendeten Cookies und ihre Zwecke<\/li><\/ol><p>Wir k\u00f6nnen Informationen \u00fcber Ihren Computer, einschlie\u00dflich ggf. Ihrer IP-Adresse, Ihres Betriebssystems und Ihres Browsertyps, zu Zwecken der Systemverwaltung und zur Weitergabe dieser Informationen in zusammengefasster Form an unsere Werbekunden sammeln.<\/p><p>Wir verwenden die folgenden Cookies:<\/p><p>Funktionale Cookies: Sie erm\u00f6glichen es uns, die Funktionsweise der Website zu verbessern und sie besucherfreundlicher zu gestalten. Beispielsweise speichern wir Ihre Anmeldedaten.<\/p><p>Webanalyse-Cookies: Sie sorgen daf\u00fcr, dass bei jedem Besuch einer Website ein anonymes Cookie erzeugt wird. Mithilfe dieser Cookies k\u00f6nnen wir feststellen, ob Sie die Website bereits zuvor besucht haben oder nicht. Nur bei Ihrem ersten Besuch wird ein Cookie erstellt. Bei weiteren Besuchen wird automatisch das bereits vorhandene Cookie verwendet.<\/p><p>Dieses Cookie wird nur zu statistischen Zwecken verwendet. Auf diese Weise k\u00f6nnen folgende Daten gesammelt werden:<\/p><ul><li>die Anzahl der eindeutigen Besucher<\/li><li>wie oft die Nutzer die Seite besuchen<\/li><li>welche Seiten die Besucher aufrufen<\/li><li>wie lange die Nutzer eine bestimmte Seite aufrufen<\/li><li>die Seite, von der aus die Besucher die Website verlassen<\/li><\/ul><div>\u00a0<\/div><p>1a. Liste der verwendeten Cookies<\/p><p>Google Cookies<\/p><ul><li>Cookies Azurea Group.<\/li><li>Google analytics: erm\u00f6glicht die Messung der Besucherzahlen der Website.<\/li><li>Google tag manager: Erleichtert die Implementierung von Tags auf Seiten und erm\u00f6glicht die Verwaltung von Google Tags.<\/li><\/ul><ol start=\"2\"><li>Blockieren und L\u00f6schen von Cookies<\/li><\/ol><p>Sofern Sie Ihren Browser nicht so eingestellt haben, dass er Cookies ablehnt, werden unsere Systeme jedes Mal, wenn Sie auf die Website zugreifen, Cookies ausstellen. Bitte beachten Sie, dass unsere Werbekunden und Drittanbieter von Inhalten ebenfalls Cookies verwenden k\u00f6nnen, die sich unserer Kontrolle entziehen.<\/p><p>Daher empfehlen wir Ihnen, die Websites solcher Drittparteien und ihre jeweiligen Datenschutzrichtlinien zu \u00fcberpr\u00fcfen, um weitere Informationen \u00fcber ihre Cookies und deren Verwaltung zu erhalten.<\/p><p>Wir empfehlen Ihnen auch, wenn Sie Ihren Computer mit anderen Personen teilen, die Option \"An mich erinnern\" nicht auszuw\u00e4hlen, wenn ein Dienst eine solche Option anbietet, um von Ihnen eingegebene Informationen zu speichern.<\/p><p>Sie k\u00f6nnen Cookies ganz einfach blockieren und jederzeit selbst \u00fcber Ihren Internetbrowser l\u00f6schen. Sie k\u00f6nnen Ihren Internetbrowser auch so einstellen, dass Sie eine Nachricht erhalten, wenn ein Cookie gesetzt wird. Sie k\u00f6nnen auch angeben, dass bestimmte Cookies nicht installiert werden k\u00f6nnen. Hierzu konsultieren Sie bitte die Hilfefunktion Ihres Browsers.<\/p><p>Wenn Sie die Cookies aus Ihrem Browser l\u00f6schen, kann dies Auswirkungen auf die Nutzung unserer Website haben. Einige Tracking-Cookies werden von Dritten gesetzt, die Ihnen \u00fcber unsere Website Werbung einblenden. Sie k\u00f6nnen diese Cookies zentral \u00fcber www.youronlinechoices.eu l\u00f6schen.<\/p><p>Bitte beachten Sie, dass wir, wenn Sie keine Cookies w\u00fcnschen, nicht mehr in der Lage sind, das ordnungsgem\u00e4\u00dfe Funktionieren unserer Website zu gew\u00e4hrleisten. Einige Funktionen der Website k\u00f6nnen beeintr\u00e4chtigt werden, und in einigen F\u00e4llen k\u00f6nnen Sie nicht mehr auf die Website zugreifen. Au\u00dferdem bedeutet die Ablehnung von Cookies nicht, dass Sie keine Werbung sehen. Die Anzeigen sind nicht mehr auf Ihre Interessen zugeschnitten und k\u00f6nnen daher h\u00e4ufiger erscheinen.<\/p><p>Die Schritte, die Sie zum Anpassen Ihrer Einstellungen durchf\u00fchren m\u00fcssen, sind von Browser zu Browser unterschiedlich. Sehen Sie ggf. in der Hilfefunktion Ihres Browsers nach oder gehen Sie auf einen der unten stehenden Links, um direkt zum Handbuch Ihres Browsers zu gelangen.<\/p><p>Firefox: https :\/\/support .mozilla .org\/de\/kb\/l\u00f6schen -cookies-um-die-Informationen-zu-entfernen<br \/>Google Chrome: https:\/\/support.google.com\/chrome\/answer\/95647 ?co=GENIE.Platform=Desktop&amp;hl=de<br \/>Internet Explorer: https:\/\/support .microsoft.com\/de-de\/help\/2 7 883 5\/how-to-delete-cookie-files-in-internet-explorer<br \/>Safari: https:\/\/support.apple.com\/kb\/ph21411 ?locale=de _DE<\/p><p>\u00a0<\/p><p><strong>Ort der Speicherung und Verarbeitung personenbezogener Daten<\/strong><\/p><p>Die von uns gesammelten personenbezogenen Daten k\u00f6nnen von uns und den oben genannten Dritten au\u00dferhalb der Schweizer Grenzen gespeichert und verarbeitet werden, einschlie\u00dflich in L\u00e4ndern, deren Datenschutzgesetze m\u00f6glicherweise keinen dem Schweizer Recht gleichwertigen Schutz bieten. Durch die \u00dcbermittlung Ihrer pers\u00f6nlichen Daten stimmen Sie einer solchen \u00dcbertragung sowie der Speicherung und Verarbeitung au\u00dferhalb der Schweiz zu.<\/p><p>\u00a0<\/p><p><strong>Sicherheit der Daten<\/strong><\/p><p>Obwohl wir alles tun, um Ihre Daten zu sch\u00fctzen, ist die \u00dcbertragung von Informationen \u00fcber das Internet nicht v\u00f6llig sicher, und wir k\u00f6nnen die Sicherheit Ihrer pers\u00f6nlichen Daten, die an die Website oder an Dritte \u00fcbermittelt werden, nicht garantieren; jede Daten\u00fcbertragung erfolgt ausschlie\u00dflich auf Ihr eigenes Risiko. Wenn wir Ihre personenbezogenen Daten erhalten, wenden wir strenge Verfahren und Sicherheitsma\u00dfnahmen an, mit denen wir versuchen, einen unbefugten Zugriff zu verhindern.<\/p><p>\u00a0<\/p><p><strong>Aktualisieren oder L\u00f6schen Ihrer Daten\u00a0<\/strong><\/p><p>Sie k\u00f6nnen Ihre Profilinformationen auf der Seite jederzeit \u00fcberpr\u00fcfen, korrigieren, aktualisieren oder \u00e4ndern. Dazu loggen Sie sich einfach auf Ihrer Seite ein, gehen zu Ihrem Konto oder Lebenslauf, sehen sich die Informationen \u00fcber Ihr Konto oder Ihren Lebenslauf an und k\u00f6nnen diese, wenn Sie m\u00f6chten, mithilfe der bereitgestellten Optionen \u00e4ndern. Auf die gleiche Weise k\u00f6nnen Sie auch Ihren Lebenslauf l\u00f6schen. Wenn Sie die Informationen \u00fcber Ihr Konto bei Azurea Group l\u00f6schen m\u00f6chten, k\u00f6nnen Sie uns jederzeit kontaktieren, indem Sie das Formular auf unserer Kontaktseite ausf\u00fcllen (<a href=\"https:\/\/azurea.ch\/de\/#home-contact\">https:\/\/azurea.ch\/#home-contact<\/a>). Sie erhalten eine E-Mail, in der die L\u00f6schung Ihrer Daten best\u00e4tigt wird, die jedoch in einer Archivkopie gespeichert werden, auf die weder Sie noch Dritte \u00fcber das Internet zugreifen k\u00f6nnen. Diese Kopie wird zu Pr\u00fcf- und Archivierungszwecken zeitlich unbegrenzt aufbewahrt.<\/p><p>\u00a0<\/p><p><strong>\u00c4nderungen der Datenschutzrichtlinie<\/strong><\/p><p>Alle \u00c4nderungen an der Datenschutzrichtlinie werden auf dieser Seite gepostet.<\/p>\t\t\t\t\t\t\t\t<\/div>\n\t\t\t\t<\/div>\n\t\t\t\t<\/div>","protected":false},"excerpt":{"rendered":"<p>Politique de confidentialit\u00e9 Azurea Group (ci-apr\u00e8s \u00abAzurea Group\u00bb, ou \u00abnous\u00bb) accorde une importance particuli\u00e8re \u00e0 la protection des donn\u00e9es personnelles des visiteurs de son Site et s\u2019engage \u00e0 cet \u00e9gard \u00e0 pr\u00e9server la confidentialit\u00e9 des donn\u00e9es collect\u00e9es. La pr\u00e9sente politique de confidentialit\u00e9 d\u00e9crit le genre de donn\u00e9es personnelles que nous collectons ainsi que les modalit\u00e9s [&hellip;]<\/p>\n","protected":false},"author":1,"featured_media":0,"parent":0,"menu_order":0,"comment_status":"closed","ping_status":"closed","template":"","meta":{"_acf_changed":false,"footnotes":""},"class_list":["post-2828","page","type-page","status-publish","hentry"],"acf":[],"yoast_head":"<!-- This site is optimized with the Yoast SEO plugin v27.4 - https:\/\/yoast.com\/product\/yoast-seo-wordpress\/ -->\n<title>Politiques de confidentialit\u00e9 - Azurea<\/title>\n<meta name=\"robots\" content=\"index, follow, max-snippet:-1, max-image-preview:large, max-video-preview:-1\" \/>\n<link rel=\"canonical\" href=\"https:\/\/azurea.ch\/de\/datenschutzrichtlinien\/\" \/>\n<meta property=\"og:locale\" content=\"de_DE\" \/>\n<meta property=\"og:type\" content=\"article\" \/>\n<meta property=\"og:title\" content=\"Politiques de confidentialit\u00e9 - Azurea\" \/>\n<meta property=\"og:description\" content=\"Politique de confidentialit\u00e9 Azurea Group (ci-apr\u00e8s \u00abAzurea Group\u00bb, ou \u00abnous\u00bb) accorde une importance particuli\u00e8re \u00e0 la protection des donn\u00e9es personnelles des visiteurs de son Site et s\u2019engage \u00e0 cet \u00e9gard \u00e0 pr\u00e9server la confidentialit\u00e9 des donn\u00e9es collect\u00e9es. La pr\u00e9sente politique de confidentialit\u00e9 d\u00e9crit le genre de donn\u00e9es personnelles que nous collectons ainsi que les modalit\u00e9s [&hellip;]\" \/>\n<meta property=\"og:url\" content=\"https:\/\/azurea.ch\/de\/datenschutzrichtlinien\/\" \/>\n<meta property=\"og:site_name\" content=\"Azurea\" \/>\n<meta property=\"article:modified_time\" content=\"2024-02-26T10:35:11+00:00\" \/>\n<meta name=\"twitter:card\" content=\"summary_large_image\" \/>\n<meta name=\"twitter:label1\" content=\"Gesch\u00e4tzte Lesezeit\" \/>\n\t<meta name=\"twitter:data1\" content=\"8\u00a0Minuten\" \/>\n<script type=\"application\/ld+json\" class=\"yoast-schema-graph\">{\"@context\":\"https:\\\/\\\/schema.org\",\"@graph\":[{\"@type\":\"WebPage\",\"@id\":\"https:\\\/\\\/azurea.ch\\\/politiques-de-confidentialite\\\/\",\"url\":\"https:\\\/\\\/azurea.ch\\\/politiques-de-confidentialite\\\/\",\"name\":\"Politiques de confidentialit\u00e9 - Azurea\",\"isPartOf\":{\"@id\":\"https:\\\/\\\/azurea.ch\\\/#website\"},\"datePublished\":\"2024-02-23T15:22:44+00:00\",\"dateModified\":\"2024-02-26T10:35:11+00:00\",\"breadcrumb\":{\"@id\":\"https:\\\/\\\/azurea.ch\\\/politiques-de-confidentialite\\\/#breadcrumb\"},\"inLanguage\":\"de-CH\",\"potentialAction\":[{\"@type\":\"ReadAction\",\"target\":[\"https:\\\/\\\/azurea.ch\\\/politiques-de-confidentialite\\\/\"]}]},{\"@type\":\"BreadcrumbList\",\"@id\":\"https:\\\/\\\/azurea.ch\\\/politiques-de-confidentialite\\\/#breadcrumb\",\"itemListElement\":[{\"@type\":\"ListItem\",\"position\":1,\"name\":\"Accueil\",\"item\":\"https:\\\/\\\/azurea.ch\\\/\"},{\"@type\":\"ListItem\",\"position\":2,\"name\":\"Politiques de confidentialit\u00e9\"}]},{\"@type\":\"WebSite\",\"@id\":\"https:\\\/\\\/azurea.ch\\\/#website\",\"url\":\"https:\\\/\\\/azurea.ch\\\/\",\"name\":\"Azurea\",\"description\":\"Excellence et savoir-faire dans l&#039;usinage de pr\u00e9cision depuis 100 ans - d\u00e9colletage\",\"publisher\":{\"@id\":\"https:\\\/\\\/azurea.ch\\\/#organization\"},\"potentialAction\":[{\"@type\":\"SearchAction\",\"target\":{\"@type\":\"EntryPoint\",\"urlTemplate\":\"https:\\\/\\\/azurea.ch\\\/?s={search_term_string}\"},\"query-input\":{\"@type\":\"PropertyValueSpecification\",\"valueRequired\":true,\"valueName\":\"search_term_string\"}}],\"inLanguage\":\"de-CH\"},{\"@type\":\"Organization\",\"@id\":\"https:\\\/\\\/azurea.ch\\\/#organization\",\"name\":\"Azurea\",\"url\":\"https:\\\/\\\/azurea.ch\\\/\",\"logo\":{\"@type\":\"ImageObject\",\"inLanguage\":\"de-CH\",\"@id\":\"https:\\\/\\\/azurea.ch\\\/#\\\/schema\\\/logo\\\/image\\\/\",\"url\":\"https:\\\/\\\/azurea.ch\\\/wp-content\\\/uploads\\\/2023\\\/09\\\/Azurea-logo.png\",\"contentUrl\":\"https:\\\/\\\/azurea.ch\\\/wp-content\\\/uploads\\\/2023\\\/09\\\/Azurea-logo.png\",\"width\":223,\"height\":36,\"caption\":\"Azurea\"},\"image\":{\"@id\":\"https:\\\/\\\/azurea.ch\\\/#\\\/schema\\\/logo\\\/image\\\/\"},\"sameAs\":[\"https:\\\/\\\/www.linkedin.com\\\/company\\\/azureatechnologies-group\"]}]}<\/script>\n<!-- \/ Yoast SEO plugin. -->","yoast_head_json":{"title":"Datenschutzrichtlinien - Azurea","robots":{"index":"index","follow":"follow","max-snippet":"max-snippet:-1","max-image-preview":"max-image-preview:large","max-video-preview":"max-video-preview:-1"},"canonical":"https:\/\/azurea.ch\/de\/datenschutzrichtlinien\/","og_locale":"de_DE","og_type":"article","og_title":"Politiques de confidentialit\u00e9 - Azurea","og_description":"Politique de confidentialit\u00e9 Azurea Group (ci-apr\u00e8s \u00abAzurea Group\u00bb, ou \u00abnous\u00bb) accorde une importance particuli\u00e8re \u00e0 la protection des donn\u00e9es personnelles des visiteurs de son Site et s\u2019engage \u00e0 cet \u00e9gard \u00e0 pr\u00e9server la confidentialit\u00e9 des donn\u00e9es collect\u00e9es. La pr\u00e9sente politique de confidentialit\u00e9 d\u00e9crit le genre de donn\u00e9es personnelles que nous collectons ainsi que les modalit\u00e9s [&hellip;]","og_url":"https:\/\/azurea.ch\/de\/datenschutzrichtlinien\/","og_site_name":"Azurea","article_modified_time":"2024-02-26T10:35:11+00:00","twitter_card":"summary_large_image","twitter_misc":{"Gesch\u00e4tzte Lesezeit":"8\u00a0Minuten"},"schema":{"@context":"https:\/\/schema.org","@graph":[{"@type":"WebPage","@id":"https:\/\/azurea.ch\/politiques-de-confidentialite\/","url":"https:\/\/azurea.ch\/politiques-de-confidentialite\/","name":"Datenschutzrichtlinien - Azurea","isPartOf":{"@id":"https:\/\/azurea.ch\/#website"},"datePublished":"2024-02-23T15:22:44+00:00","dateModified":"2024-02-26T10:35:11+00:00","breadcrumb":{"@id":"https:\/\/azurea.ch\/politiques-de-confidentialite\/#breadcrumb"},"inLanguage":"de-CH","potentialAction":[{"@type":"ReadAction","target":["https:\/\/azurea.ch\/politiques-de-confidentialite\/"]}]},{"@type":"BreadcrumbList","@id":"https:\/\/azurea.ch\/politiques-de-confidentialite\/#breadcrumb","itemListElement":[{"@type":"ListItem","position":1,"name":"Accueil","item":"https:\/\/azurea.ch\/"},{"@type":"ListItem","position":2,"name":"Politiques de confidentialit\u00e9"}]},{"@type":"WebSite","@id":"https:\/\/azurea.ch\/#website","url":"https:\/\/azurea.ch\/","name":"Azurea","description":"Exzellenz und Know-how in der Pr\u00e4zisionsbearbeitung seit 100 Jahren - Automatendrehen","publisher":{"@id":"https:\/\/azurea.ch\/#organization"},"potentialAction":[{"@type":"SearchAction","target":{"@type":"EntryPoint","urlTemplate":"https:\/\/azurea.ch\/?s={search_term_string}"},"query-input":{"@type":"PropertyValueSpecification","valueRequired":true,"valueName":"search_term_string"}}],"inLanguage":"de-CH"},{"@type":"Organization","@id":"https:\/\/azurea.ch\/#organization","name":"Azurea","url":"https:\/\/azurea.ch\/","logo":{"@type":"ImageObject","inLanguage":"de-CH","@id":"https:\/\/azurea.ch\/#\/schema\/logo\/image\/","url":"https:\/\/azurea.ch\/wp-content\/uploads\/2023\/09\/Azurea-logo.png","contentUrl":"https:\/\/azurea.ch\/wp-content\/uploads\/2023\/09\/Azurea-logo.png","width":223,"height":36,"caption":"Azurea"},"image":{"@id":"https:\/\/azurea.ch\/#\/schema\/logo\/image\/"},"sameAs":["https:\/\/www.linkedin.com\/company\/azureatechnologies-group"]}]}},"_links":{"self":[{"href":"https:\/\/azurea.ch\/de\/wp-json\/wp\/v2\/pages\/2828","targetHints":{"allow":["GET"]}}],"collection":[{"href":"https:\/\/azurea.ch\/de\/wp-json\/wp\/v2\/pages"}],"about":[{"href":"https:\/\/azurea.ch\/de\/wp-json\/wp\/v2\/types\/page"}],"author":[{"embeddable":true,"href":"https:\/\/azurea.ch\/de\/wp-json\/wp\/v2\/users\/1"}],"replies":[{"embeddable":true,"href":"https:\/\/azurea.ch\/de\/wp-json\/wp\/v2\/comments?post=2828"}],"version-history":[{"count":8,"href":"https:\/\/azurea.ch\/de\/wp-json\/wp\/v2\/pages\/2828\/revisions"}],"predecessor-version":[{"id":3948,"href":"https:\/\/azurea.ch\/de\/wp-json\/wp\/v2\/pages\/2828\/revisions\/3948"}],"wp:attachment":[{"href":"https:\/\/azurea.ch\/de\/wp-json\/wp\/v2\/media?parent=2828"}],"curies":[{"name":"wp","href":"https:\/\/api.w.org\/{rel}","templated":true}]}}