{"id":3688,"date":"2025-08-27T15:19:54","date_gmt":"2025-08-27T13:19:54","guid":{"rendered":"https:\/\/azurea.ch\/?page_id=3688"},"modified":"2025-08-27T15:40:24","modified_gmt":"2025-08-27T13:40:24","slug":"uns-kontaktieren-danksagungen","status":"publish","type":"page","link":"https:\/\/azurea.ch\/de\/nous-contacter-remerciements\/","title":{"rendered":"Kontakt - Danksagungen"},"content":{"rendered":"<div data-elementor-type=\"wp-page\" data-elementor-id=\"3688\" class=\"elementor elementor-3688\" data-elementor-post-type=\"page\">\n\t\t\t\t<div data-particle_enable=\"false\" data-particle-mobile-disabled=\"false\" class=\"elementor-element elementor-element-649b006 e-flex e-con-boxed e-con e-parent\" data-id=\"649b006\" data-element_type=\"container\" data-e-type=\"container\">\n\t\t\t\t\t<div class=\"e-con-inner\">\n\t\t\t\t<div class=\"elementor-element elementor-element-e442fef elementor-widget elementor-widget-heading\" data-id=\"e442fef\" data-element_type=\"widget\" data-e-type=\"widget\" data-widget_type=\"heading.default\">\n\t\t\t\t\t<h1 class=\"elementor-heading-title elementor-size-default\">Kontakt<\/h1>\t\t\t\t<\/div>\n\t\t\t\t<div class=\"elementor-element elementor-element-1698e6c elementor-widget-divider--view-line elementor-widget elementor-widget-divider\" data-id=\"1698e6c\" data-element_type=\"widget\" data-e-type=\"widget\" data-widget_type=\"divider.default\">\n\t\t\t\t\t\t\t<div class=\"elementor-divider\">\n\t\t\t<span class=\"elementor-divider-separator\">\n\t\t\t\t\t\t<\/span>\n\t\t<\/div>\n\t\t\t\t\t\t<\/div>\n\t\t\t\t\t<\/div>\n\t\t\t\t<\/div>\n\t\t<div data-particle_enable=\"false\" data-particle-mobile-disabled=\"false\" class=\"elementor-element elementor-element-80328b7 e-flex e-con-boxed e-con e-parent\" data-id=\"80328b7\" data-element_type=\"container\" data-e-type=\"container\">\n\t\t\t\t\t<div class=\"e-con-inner\">\n\t\t<div data-particle_enable=\"false\" data-particle-mobile-disabled=\"false\" class=\"elementor-element elementor-element-d82d706 e-con-full e-flex e-con e-child\" data-id=\"d82d706\" data-element_type=\"container\" data-e-type=\"container\">\n\t\t\t\t<div class=\"elementor-element elementor-element-a17fb74 elementor-widget elementor-widget-text-editor\" data-id=\"a17fb74\" data-element_type=\"widget\" data-e-type=\"widget\" data-widget_type=\"text-editor.default\">\n\t\t\t\t\t\t\t\t\t<p><span style=\"color: #000000;\"><strong>Vielen Dank, dass Sie sich mit uns in Verbindung gesetzt haben! Wir werden Ihnen in K\u00fcrze antworten.<\/strong><\/span><\/p>\t\t\t\t\t\t\t\t<\/div>\n\t\t\t\t<\/div>\n\t\t<div data-particle_enable=\"false\" data-particle-mobile-disabled=\"false\" class=\"elementor-element elementor-element-c35499e e-con-full e-flex e-con e-child\" data-id=\"c35499e\" data-element_type=\"container\" data-e-type=\"container\">\n\t\t<div data-particle_enable=\"false\" data-particle-mobile-disabled=\"false\" class=\"elementor-element elementor-element-aa02a11 e-con-full e-flex e-con e-child\" data-id=\"aa02a11\" data-element_type=\"container\" data-e-type=\"container\">\n\t\t\t\t<div class=\"elementor-element elementor-element-a3b69ea elementor-view-default elementor-widget elementor-widget-icon\" data-id=\"a3b69ea\" data-element_type=\"widget\" data-e-type=\"widget\" data-widget_type=\"icon.default\">\n\t\t\t\t\t\t\t<div class=\"elementor-icon-wrapper\">\n\t\t\t<a class=\"elementor-icon\" href=\"tel:0041324946464\">\n\t\t\t<svg aria-hidden=\"true\" class=\"e-font-icon-svg e-fas-phone-alt\" viewbox=\"0 0 512 512\" xmlns=\"http:\/\/www.w3.org\/2000\/svg\"><path d=\"M497.39 361.8l-112-48a24 24 0 0 0-28 6.9l-49.6 60.6A370.66 370.66 0 0 1 130.6 204.11l60.6-49.6a23.94 23.94 0 0 0 6.9-28l-48-112A24.16 24.16 0 0 0 122.6.61l-104 24A24 24 0 0 0 0 48c0 256.5 207.9 464 464 464a24 24 0 0 0 23.4-18.6l24-104a24.29 24.29 0 0 0-14.01-27.6z\"><\/path><\/svg>\t\t\t<\/a>\n\t\t<\/div>\n\t\t\t\t\t\t<\/div>\n\t\t\t\t<div class=\"elementor-element elementor-element-69f2f4c elementor-widget elementor-widget-heading\" data-id=\"69f2f4c\" data-element_type=\"widget\" data-e-type=\"widget\" data-widget_type=\"heading.default\">\n\t\t\t\t\t<h3 class=\"elementor-heading-title elementor-size-default\">Azurea Technologie\nHorlogere SA<\/h3>\t\t\t\t<\/div>\n\t\t\t\t<div class=\"elementor-element elementor-element-19dd35a elementor-widget__width-inherit elementor-widget elementor-widget-text-editor\" data-id=\"19dd35a\" data-element_type=\"widget\" data-e-type=\"widget\" data-widget_type=\"text-editor.default\">\n\t\t\t\t\t\t\t\t\t<p>Rue du Moulin 30<br \/>2740 Moutier, Switzerland<br \/>T. +41 32 494 64 64<\/p>\t\t\t\t\t\t\t\t<\/div>\n\t\t\t\t<\/div>\n\t\t<div data-particle_enable=\"false\" data-particle-mobile-disabled=\"false\" class=\"elementor-element elementor-element-ca5f94d e-con-full e-flex e-con e-child\" data-id=\"ca5f94d\" data-element_type=\"container\" data-e-type=\"container\">\n\t\t\t\t<div class=\"elementor-element elementor-element-35c76d6 elementor-view-default elementor-widget elementor-widget-icon\" data-id=\"35c76d6\" data-element_type=\"widget\" data-e-type=\"widget\" data-widget_type=\"icon.default\">\n\t\t\t\t\t\t\t<div class=\"elementor-icon-wrapper\">\n\t\t\t<a class=\"elementor-icon\" href=\"tel:0041324933211\">\n\t\t\t<svg aria-hidden=\"true\" class=\"e-font-icon-svg e-fas-phone-alt\" viewbox=\"0 0 512 512\" xmlns=\"http:\/\/www.w3.org\/2000\/svg\"><path d=\"M497.39 361.8l-112-48a24 24 0 0 0-28 6.9l-49.6 60.6A370.66 370.66 0 0 1 130.6 204.11l60.6-49.6a23.94 23.94 0 0 0 6.9-28l-48-112A24.16 24.16 0 0 0 122.6.61l-104 24A24 24 0 0 0 0 48c0 256.5 207.9 464 464 464a24 24 0 0 0 23.4-18.6l24-104a24.29 24.29 0 0 0-14.01-27.6z\"><\/path><\/svg>\t\t\t<\/a>\n\t\t<\/div>\n\t\t\t\t\t\t<\/div>\n\t\t\t\t<div class=\"elementor-element elementor-element-eb58be2 elementor-widget elementor-widget-heading\" data-id=\"eb58be2\" data-element_type=\"widget\" data-e-type=\"widget\" data-widget_type=\"heading.default\">\n\t\t\t\t\t<h3 class=\"elementor-heading-title elementor-size-default\">Azurea Jauges SA<\/h3>\t\t\t\t<\/div>\n\t\t\t\t<div class=\"elementor-element elementor-element-909b549 elementor-widget__width-inherit elementor-widget elementor-widget-text-editor\" data-id=\"909b549\" data-element_type=\"widget\" data-e-type=\"widget\" data-widget_type=\"text-editor.default\">\n\t\t\t\t\t\t\t\t\t<p>Azurea Jauges SA<br \/>Le Noveleu 15<br \/>2744 Belprahon<br \/>T. +41 32 493 32 11<\/p>\t\t\t\t\t\t\t\t<\/div>\n\t\t\t\t<\/div>\n\t\t<div data-particle_enable=\"false\" data-particle-mobile-disabled=\"false\" class=\"elementor-element elementor-element-29d8a40 e-con-full e-flex e-con e-child\" data-id=\"29d8a40\" data-element_type=\"container\" data-e-type=\"container\">\n\t\t\t\t<div class=\"elementor-element elementor-element-be6daa8 elementor-view-default elementor-widget elementor-widget-icon\" data-id=\"be6daa8\" data-element_type=\"widget\" data-e-type=\"widget\" data-widget_type=\"icon.default\">\n\t\t\t\t\t\t\t<div class=\"elementor-icon-wrapper\">\n\t\t\t<a class=\"elementor-icon\" href=\"tel:0041324917100\">\n\t\t\t<svg aria-hidden=\"true\" class=\"e-font-icon-svg e-fas-phone-alt\" viewbox=\"0 0 512 512\" xmlns=\"http:\/\/www.w3.org\/2000\/svg\"><path d=\"M497.39 361.8l-112-48a24 24 0 0 0-28 6.9l-49.6 60.6A370.66 370.66 0 0 1 130.6 204.11l60.6-49.6a23.94 23.94 0 0 0 6.9-28l-48-112A24.16 24.16 0 0 0 122.6.61l-104 24A24 24 0 0 0 0 48c0 256.5 207.9 464 464 464a24 24 0 0 0 23.4-18.6l24-104a24.29 24.29 0 0 0-14.01-27.6z\"><\/path><\/svg>\t\t\t<\/a>\n\t\t<\/div>\n\t\t\t\t\t\t<\/div>\n\t\t\t\t<div class=\"elementor-element elementor-element-1595dd0 elementor-widget elementor-widget-heading\" data-id=\"1595dd0\" data-element_type=\"widget\" data-e-type=\"widget\" data-widget_type=\"heading.default\">\n\t\t\t\t\t<h3 class=\"elementor-heading-title elementor-size-default\">Azurea Microtechnique SA<\/h3>\t\t\t\t<\/div>\n\t\t\t\t<div class=\"elementor-element elementor-element-bf1b9e2 elementor-widget__width-inherit elementor-widget elementor-widget-text-editor\" data-id=\"bf1b9e2\" data-element_type=\"widget\" data-e-type=\"widget\" data-widget_type=\"text-editor.default\">\n\t\t\t\t\t\t\t\t\t<p>Azurea Microtechnique SA<br \/>Rue principale 35<br \/>2735 B\u00e9vilard<br \/>T. +41 32 491 71 00<\/p>\t\t\t\t\t\t\t\t<\/div>\n\t\t\t\t<\/div>\n\t\t<div data-particle_enable=\"false\" data-particle-mobile-disabled=\"false\" class=\"elementor-element elementor-element-238312e e-con-full e-flex e-con e-child\" data-id=\"238312e\" data-element_type=\"container\" data-e-type=\"container\">\n\t\t\t\t<div class=\"elementor-element elementor-element-78f5bdb elementor-view-default elementor-widget elementor-widget-icon\" data-id=\"78f5bdb\" data-element_type=\"widget\" data-e-type=\"widget\" data-widget_type=\"icon.default\">\n\t\t\t\t\t\t\t<div class=\"elementor-icon-wrapper\">\n\t\t\t<a class=\"elementor-icon\" href=\"tel:0041324946464\">\n\t\t\t<svg aria-hidden=\"true\" class=\"e-font-icon-svg e-fas-phone-alt\" viewbox=\"0 0 512 512\" xmlns=\"http:\/\/www.w3.org\/2000\/svg\"><path d=\"M497.39 361.8l-112-48a24 24 0 0 0-28 6.9l-49.6 60.6A370.66 370.66 0 0 1 130.6 204.11l60.6-49.6a23.94 23.94 0 0 0 6.9-28l-48-112A24.16 24.16 0 0 0 122.6.61l-104 24A24 24 0 0 0 0 48c0 256.5 207.9 464 464 464a24 24 0 0 0 23.4-18.6l24-104a24.29 24.29 0 0 0-14.01-27.6z\"><\/path><\/svg>\t\t\t<\/a>\n\t\t<\/div>\n\t\t\t\t\t\t<\/div>\n\t\t\t\t<div class=\"elementor-element elementor-element-3f709cc elementor-widget elementor-widget-heading\" data-id=\"3f709cc\" data-element_type=\"widget\" data-e-type=\"widget\" data-widget_type=\"heading.default\">\n\t\t\t\t\t<h3 class=\"elementor-heading-title elementor-size-default\">Azurea Decoupage SA<\/h3>\t\t\t\t<\/div>\n\t\t\t\t<div class=\"elementor-element elementor-element-1ad67eb elementor-widget__width-inherit elementor-widget elementor-widget-text-editor\" data-id=\"1ad67eb\" data-element_type=\"widget\" data-e-type=\"widget\" data-widget_type=\"text-editor.default\">\n\t\t\t\t\t\t\t\t\t<p>Azurea Decoupage SA<br \/>Rue du Moulin 30<br \/>2740 Moutier<br \/>T. +41 32 494 64 64<\/p>\t\t\t\t\t\t\t\t<\/div>\n\t\t\t\t<\/div>\n\t\t<div data-particle_enable=\"false\" data-particle-mobile-disabled=\"false\" class=\"elementor-element elementor-element-16ec5b4 e-con-full e-flex e-con e-child\" data-id=\"16ec5b4\" data-element_type=\"container\" data-e-type=\"container\">\n\t\t\t\t<div class=\"elementor-element elementor-element-46f6bf1 elementor-view-default elementor-widget elementor-widget-icon\" data-id=\"46f6bf1\" data-element_type=\"widget\" data-e-type=\"widget\" data-widget_type=\"icon.default\">\n\t\t\t\t\t\t\t<div class=\"elementor-icon-wrapper\">\n\t\t\t<a class=\"elementor-icon\" href=\"tel:00351220939024\">\n\t\t\t<svg aria-hidden=\"true\" class=\"e-font-icon-svg e-fas-phone-alt\" viewbox=\"0 0 512 512\" xmlns=\"http:\/\/www.w3.org\/2000\/svg\"><path d=\"M497.39 361.8l-112-48a24 24 0 0 0-28 6.9l-49.6 60.6A370.66 370.66 0 0 1 130.6 204.11l60.6-49.6a23.94 23.94 0 0 0 6.9-28l-48-112A24.16 24.16 0 0 0 122.6.61l-104 24A24 24 0 0 0 0 48c0 256.5 207.9 464 464 464a24 24 0 0 0 23.4-18.6l24-104a24.29 24.29 0 0 0-14.01-27.6z\"><\/path><\/svg>\t\t\t<\/a>\n\t\t<\/div>\n\t\t\t\t\t\t<\/div>\n\t\t\t\t<div class=\"elementor-element elementor-element-c6d13f2 elementor-widget elementor-widget-heading\" data-id=\"c6d13f2\" data-element_type=\"widget\" data-e-type=\"widget\" data-widget_type=\"heading.default\">\n\t\t\t\t\t<h3 class=\"elementor-heading-title elementor-size-default\">Azurea Unipessoal Lda<\/h3>\t\t\t\t<\/div>\n\t\t\t\t<div class=\"elementor-element elementor-element-0bf6d91 elementor-widget__width-inherit elementor-widget elementor-widget-text-editor\" data-id=\"0bf6d91\" data-element_type=\"widget\" data-e-type=\"widget\" data-widget_type=\"text-editor.default\">\n\t\t\t\t\t\t\t\t\t<p>Azurea Unipessoal Lda<br \/>Rua do Outeiro 1284<br \/>4470-605 Moreira<br \/>T. +351 22 093 90 24<\/p>\t\t\t\t\t\t\t\t<\/div>\n\t\t\t\t<\/div>\n\t\t\t\t<\/div>\n\t\t\t\t\t<\/div>\n\t\t\t\t<\/div>\n\t\t<div data-particle_enable=\"false\" data-particle-mobile-disabled=\"false\" class=\"elementor-element elementor-element-a030ae9 e-flex e-con-boxed e-con e-parent\" data-id=\"a030ae9\" data-element_type=\"container\" data-e-type=\"container\">\n\t\t\t\t\t<div class=\"e-con-inner\">\n\t\t\t\t<div class=\"elementor-element elementor-element-7db22b1 elementor-widget elementor-widget-heading\" data-id=\"7db22b1\" data-element_type=\"widget\" data-e-type=\"widget\" data-widget_type=\"heading.default\">\n\t\t\t\t\t<h1 class=\"elementor-heading-title elementor-size-default\">Linked in<\/h1>\t\t\t\t<\/div>\n\t\t\t\t<div class=\"elementor-element elementor-element-cdd6142 elementor-widget-divider--view-line elementor-widget elementor-widget-divider\" data-id=\"cdd6142\" data-element_type=\"widget\" data-e-type=\"widget\" data-widget_type=\"divider.default\">\n\t\t\t\t\t\t\t<div class=\"elementor-divider\">\n\t\t\t<span class=\"elementor-divider-separator\">\n\t\t\t\t\t\t<\/span>\n\t\t<\/div>\n\t\t\t\t\t\t<\/div>\n\t\t\t\t\t<\/div>\n\t\t\t\t<\/div>\n\t\t<div data-particle_enable=\"false\" data-particle-mobile-disabled=\"false\" class=\"elementor-element elementor-element-bb73802 e-flex e-con-boxed e-con e-parent\" data-id=\"bb73802\" data-element_type=\"container\" data-e-type=\"container\">\n\t\t\t\t\t<div class=\"e-con-inner\">\n\t\t\t\t<div class=\"elementor-element elementor-element-125e8d9 elementor-widget elementor-widget-html\" data-id=\"125e8d9\" data-element_type=\"widget\" data-e-type=\"widget\" data-widget_type=\"html.default\">\n\t\t\t\t\t<script src=\"https:\/\/static.elfsight.com\/platform\/platform.js\" data-use-service-core defer><\/script>\r\n<div class=\"elfsight-app-050c9271-5a00-4ed8-bea7-ebf4b179bc90\" data-elfsight-app-lazy><\/div>\t\t\t\t<\/div>\n\t\t\t\t\t<\/div>\n\t\t\t\t<\/div>\n\t\t\t\t<\/div>","protected":false},"excerpt":{"rendered":"<p>Contact Merci de nous avoir contact\u00e9s ! Nous vous r\u00e9pondrons sous peu. \u00a0 Azurea Technologie Horlogere SA Rue du Moulin 30 2740 Moutier, Switzerland T. +41 32 494 64 64 \u00a0 Azurea Jauges SA Azurea Jauges SA Le Noveleu 15 2744 Belprahon T. +41 32 493 32 11 \u00a0 Azurea Microtechnique SA Azurea Microtechnique SA [&hellip;]<\/p>\n","protected":false},"author":1,"featured_media":0,"parent":0,"menu_order":0,"comment_status":"closed","ping_status":"closed","template":"","meta":{"_acf_changed":false,"footnotes":""},"class_list":["post-3688","page","type-page","status-publish","hentry"],"acf":[],"yoast_head":"<!-- This site is optimized with the Yoast SEO plugin v27.5 - https:\/\/yoast.com\/product\/yoast-seo-wordpress\/ -->\n<title>Nous contacter - Remerciements - Azurea<\/title>\n<meta name=\"description\" content=\"D\u00e9couvrez les derni\u00e8res actualit\u00e9s et nouveaut\u00e9s sur le Groupe Azurea et ses diff\u00e9rents domaines d&#039;activit\u00e9.\" \/>\n<meta name=\"robots\" content=\"index, follow, max-snippet:-1, max-image-preview:large, max-video-preview:-1\" \/>\n<link rel=\"canonical\" href=\"https:\/\/azurea.ch\/de\/uns-kontaktieren-danksagungen\/\" \/>\n<meta property=\"og:locale\" content=\"de_DE\" \/>\n<meta property=\"og:type\" content=\"article\" \/>\n<meta property=\"og:title\" content=\"Nous contacter - Remerciements - Azurea\" \/>\n<meta property=\"og:description\" content=\"D\u00e9couvrez les derni\u00e8res actualit\u00e9s et nouveaut\u00e9s sur le Groupe Azurea et ses diff\u00e9rents domaines d&#039;activit\u00e9.\" \/>\n<meta property=\"og:url\" content=\"https:\/\/azurea.ch\/de\/uns-kontaktieren-danksagungen\/\" \/>\n<meta property=\"og:site_name\" content=\"Azurea\" \/>\n<meta property=\"article:modified_time\" content=\"2025-08-27T13:40:24+00:00\" \/>\n<meta name=\"twitter:card\" content=\"summary_large_image\" \/>\n<meta name=\"twitter:label1\" content=\"Gesch\u00e4tzte Lesezeit\" \/>\n\t<meta name=\"twitter:data1\" content=\"1\u00a0Minute\" \/>\n<script type=\"application\/ld+json\" class=\"yoast-schema-graph\">{\"@context\":\"https:\\\/\\\/schema.org\",\"@graph\":[{\"@type\":\"WebPage\",\"@id\":\"https:\\\/\\\/azurea.ch\\\/nous-contacter-remerciements\\\/\",\"url\":\"https:\\\/\\\/azurea.ch\\\/nous-contacter-remerciements\\\/\",\"name\":\"Nous contacter - Remerciements - Azurea\",\"isPartOf\":{\"@id\":\"https:\\\/\\\/azurea.ch\\\/#website\"},\"datePublished\":\"2025-08-27T13:19:54+00:00\",\"dateModified\":\"2025-08-27T13:40:24+00:00\",\"description\":\"D\u00e9couvrez les derni\u00e8res actualit\u00e9s et nouveaut\u00e9s sur le Groupe Azurea et ses diff\u00e9rents domaines d'activit\u00e9.\",\"breadcrumb\":{\"@id\":\"https:\\\/\\\/azurea.ch\\\/nous-contacter-remerciements\\\/#breadcrumb\"},\"inLanguage\":\"de-CH\",\"potentialAction\":[{\"@type\":\"ReadAction\",\"target\":[\"https:\\\/\\\/azurea.ch\\\/nous-contacter-remerciements\\\/\"]}]},{\"@type\":\"BreadcrumbList\",\"@id\":\"https:\\\/\\\/azurea.ch\\\/nous-contacter-remerciements\\\/#breadcrumb\",\"itemListElement\":[{\"@type\":\"ListItem\",\"position\":1,\"name\":\"Accueil\",\"item\":\"https:\\\/\\\/azurea.ch\\\/\"},{\"@type\":\"ListItem\",\"position\":2,\"name\":\"Nous contacter &#8211; Remerciements\"}]},{\"@type\":\"WebSite\",\"@id\":\"https:\\\/\\\/azurea.ch\\\/#website\",\"url\":\"https:\\\/\\\/azurea.ch\\\/\",\"name\":\"Azurea\",\"description\":\"Excellence et savoir-faire dans l&#039;usinage de pr\u00e9cision depuis 100 ans - d\u00e9colletage\",\"publisher\":{\"@id\":\"https:\\\/\\\/azurea.ch\\\/#organization\"},\"potentialAction\":[{\"@type\":\"SearchAction\",\"target\":{\"@type\":\"EntryPoint\",\"urlTemplate\":\"https:\\\/\\\/azurea.ch\\\/?s={search_term_string}\"},\"query-input\":{\"@type\":\"PropertyValueSpecification\",\"valueRequired\":true,\"valueName\":\"search_term_string\"}}],\"inLanguage\":\"de-CH\"},{\"@type\":\"Organization\",\"@id\":\"https:\\\/\\\/azurea.ch\\\/#organization\",\"name\":\"Azurea\",\"url\":\"https:\\\/\\\/azurea.ch\\\/\",\"logo\":{\"@type\":\"ImageObject\",\"inLanguage\":\"de-CH\",\"@id\":\"https:\\\/\\\/azurea.ch\\\/#\\\/schema\\\/logo\\\/image\\\/\",\"url\":\"https:\\\/\\\/azurea.ch\\\/wp-content\\\/uploads\\\/2023\\\/09\\\/Azurea-logo.png\",\"contentUrl\":\"https:\\\/\\\/azurea.ch\\\/wp-content\\\/uploads\\\/2023\\\/09\\\/Azurea-logo.png\",\"width\":223,\"height\":36,\"caption\":\"Azurea\"},\"image\":{\"@id\":\"https:\\\/\\\/azurea.ch\\\/#\\\/schema\\\/logo\\\/image\\\/\"},\"sameAs\":[\"https:\\\/\\\/www.linkedin.com\\\/company\\\/azureatechnologies-group\"]}]}<\/script>\n<!-- \/ Yoast SEO plugin. -->","yoast_head_json":{"title":"Kontakt - Danksagungen - Azurea","description":"Erfahren Sie die neuesten Nachrichten und Neuigkeiten \u00fcber die Azurea-Gruppe und ihre verschiedenen Gesch\u00e4ftsbereiche.","robots":{"index":"index","follow":"follow","max-snippet":"max-snippet:-1","max-image-preview":"max-image-preview:large","max-video-preview":"max-video-preview:-1"},"canonical":"https:\/\/azurea.ch\/de\/uns-kontaktieren-danksagungen\/","og_locale":"de_DE","og_type":"article","og_title":"Nous contacter - Remerciements - Azurea","og_description":"D\u00e9couvrez les derni\u00e8res actualit\u00e9s et nouveaut\u00e9s sur le Groupe Azurea et ses diff\u00e9rents domaines d'activit\u00e9.","og_url":"https:\/\/azurea.ch\/de\/uns-kontaktieren-danksagungen\/","og_site_name":"Azurea","article_modified_time":"2025-08-27T13:40:24+00:00","twitter_card":"summary_large_image","twitter_misc":{"Gesch\u00e4tzte Lesezeit":"1\u00a0Minute"},"schema":{"@context":"https:\/\/schema.org","@graph":[{"@type":"WebPage","@id":"https:\/\/azurea.ch\/nous-contacter-remerciements\/","url":"https:\/\/azurea.ch\/nous-contacter-remerciements\/","name":"Kontakt - Danksagungen - Azurea","isPartOf":{"@id":"https:\/\/azurea.ch\/#website"},"datePublished":"2025-08-27T13:19:54+00:00","dateModified":"2025-08-27T13:40:24+00:00","description":"Erfahren Sie die neuesten Nachrichten und Neuigkeiten \u00fcber die Azurea-Gruppe und ihre verschiedenen Gesch\u00e4ftsbereiche.","breadcrumb":{"@id":"https:\/\/azurea.ch\/nous-contacter-remerciements\/#breadcrumb"},"inLanguage":"de-CH","potentialAction":[{"@type":"ReadAction","target":["https:\/\/azurea.ch\/nous-contacter-remerciements\/"]}]},{"@type":"BreadcrumbList","@id":"https:\/\/azurea.ch\/nous-contacter-remerciements\/#breadcrumb","itemListElement":[{"@type":"ListItem","position":1,"name":"Accueil","item":"https:\/\/azurea.ch\/"},{"@type":"ListItem","position":2,"name":"Nous contacter &#8211; Remerciements"}]},{"@type":"WebSite","@id":"https:\/\/azurea.ch\/#website","url":"https:\/\/azurea.ch\/","name":"Azurea","description":"Exzellenz und Know-how in der Pr\u00e4zisionsbearbeitung seit 100 Jahren - Automatendrehen","publisher":{"@id":"https:\/\/azurea.ch\/#organization"},"potentialAction":[{"@type":"SearchAction","target":{"@type":"EntryPoint","urlTemplate":"https:\/\/azurea.ch\/?s={search_term_string}"},"query-input":{"@type":"PropertyValueSpecification","valueRequired":true,"valueName":"search_term_string"}}],"inLanguage":"de-CH"},{"@type":"Organization","@id":"https:\/\/azurea.ch\/#organization","name":"Azurea","url":"https:\/\/azurea.ch\/","logo":{"@type":"ImageObject","inLanguage":"de-CH","@id":"https:\/\/azurea.ch\/#\/schema\/logo\/image\/","url":"https:\/\/azurea.ch\/wp-content\/uploads\/2023\/09\/Azurea-logo.png","contentUrl":"https:\/\/azurea.ch\/wp-content\/uploads\/2023\/09\/Azurea-logo.png","width":223,"height":36,"caption":"Azurea"},"image":{"@id":"https:\/\/azurea.ch\/#\/schema\/logo\/image\/"},"sameAs":["https:\/\/www.linkedin.com\/company\/azureatechnologies-group"]}]}},"_links":{"self":[{"href":"https:\/\/azurea.ch\/de\/wp-json\/wp\/v2\/pages\/3688","targetHints":{"allow":["GET"]}}],"collection":[{"href":"https:\/\/azurea.ch\/de\/wp-json\/wp\/v2\/pages"}],"about":[{"href":"https:\/\/azurea.ch\/de\/wp-json\/wp\/v2\/types\/page"}],"author":[{"embeddable":true,"href":"https:\/\/azurea.ch\/de\/wp-json\/wp\/v2\/users\/1"}],"replies":[{"embeddable":true,"href":"https:\/\/azurea.ch\/de\/wp-json\/wp\/v2\/comments?post=3688"}],"version-history":[{"count":5,"href":"https:\/\/azurea.ch\/de\/wp-json\/wp\/v2\/pages\/3688\/revisions"}],"predecessor-version":[{"id":3693,"href":"https:\/\/azurea.ch\/de\/wp-json\/wp\/v2\/pages\/3688\/revisions\/3693"}],"wp:attachment":[{"href":"https:\/\/azurea.ch\/de\/wp-json\/wp\/v2\/media?parent=3688"}],"curies":[{"name":"wp","href":"https:\/\/api.w.org\/{rel}","templated":true}]}}