{"id":602,"date":"2023-10-10T13:19:45","date_gmt":"2023-10-10T11:19:45","guid":{"rendered":"https:\/\/azurea.ch\/?page_id=602"},"modified":"2024-03-06T11:19:37","modified_gmt":"2024-03-06T10:19:37","slug":"mikrotechnik","status":"publish","type":"page","link":"https:\/\/azurea.ch\/de\/microtechnique\/","title":{"rendered":"Mikrotechnik"},"content":{"rendered":"<div data-elementor-type=\"wp-page\" data-elementor-id=\"602\" class=\"elementor elementor-602\" data-elementor-post-type=\"page\">\n\t\t\t\t<div data-particle_enable=\"false\" data-particle-mobile-disabled=\"false\" class=\"elementor-element elementor-element-44984b2 e-flex e-con-boxed e-con e-parent\" data-id=\"44984b2\" data-element_type=\"container\" data-e-type=\"container\">\n\t\t\t\t\t<div class=\"e-con-inner\">\n\t\t<div data-particle_enable=\"false\" data-particle-mobile-disabled=\"false\" class=\"elementor-element elementor-element-362d1f5 e-con-full e-flex e-con e-child\" data-id=\"362d1f5\" data-element_type=\"container\" data-e-type=\"container\">\n\t\t\t\t<div class=\"elementor-element elementor-element-e8b285b elementor-widget__width-initial elementor-widget elementor-widget-heading\" data-id=\"e8b285b\" data-element_type=\"widget\" data-e-type=\"widget\" data-widget_type=\"heading.default\">\n\t\t\t\t\t<h1 class=\"elementor-heading-title elementor-size-default\">Mikrotechnik<\/h1>\t\t\t\t<\/div>\n\t\t\t\t<\/div>\n\t\t<div data-particle_enable=\"false\" data-particle-mobile-disabled=\"false\" class=\"elementor-element elementor-element-29cac90 e-flex e-con-boxed e-con e-child\" data-id=\"29cac90\" data-element_type=\"container\" data-e-type=\"container\">\n\t\t\t\t\t<div class=\"e-con-inner\">\n\t\t\t\t<div class=\"elementor-element elementor-element-fba2de4 elementor-widget elementor-widget-image\" data-id=\"fba2de4\" data-element_type=\"widget\" data-e-type=\"widget\" data-widget_type=\"image.default\">\n\t\t\t\t\t\t\t\t\t\t\t\t\t\t\t<img decoding=\"async\" src=\"https:\/\/azurea.ch\/wp-content\/uploads\/2023\/12\/ATB3_detoure.png\" title=\"ATB3_detoure\" alt=\"ATB3_detoure\" loading=\"lazy\" \/>\t\t\t\t\t\t\t\t\t\t\t\t\t\t\t<\/div>\n\t\t\t\t\t<\/div>\n\t\t\t\t<\/div>\n\t\t\t\t\t<\/div>\n\t\t\t\t<\/div>\n\t\t<div data-particle_enable=\"false\" data-particle-mobile-disabled=\"false\" class=\"elementor-element elementor-element-926fce2 e-flex e-con-boxed e-con e-parent\" data-id=\"926fce2\" data-element_type=\"container\" data-e-type=\"container\" id=\"expertise\">\n\t\t\t\t\t<div class=\"e-con-inner\">\n\t\t<div data-particle_enable=\"false\" data-particle-mobile-disabled=\"false\" class=\"elementor-element elementor-element-539505c e-con-full e-flex e-con e-child\" data-id=\"539505c\" data-element_type=\"container\" data-e-type=\"container\">\n\t\t\t\t<div class=\"elementor-element elementor-element-10d9776 elementor-widget elementor-widget-text-editor\" data-id=\"10d9776\" data-element_type=\"widget\" data-e-type=\"widget\" data-widget_type=\"text-editor.default\">\n\t\t\t\t\t\t\t\t\t<p class=\"p1\">Unser Know-how erm\u00f6glicht es uns, in so unterschiedenen Bereichen\u00a0<br \/>wie der Automobil-, der Messtechnik, der Lebensmittel- und der Luftfahrtindustrie t\u00e4tig zu sein.<\/p>\t\t\t\t\t\t\t\t<\/div>\n\t\t\t\t<div class=\"elementor-element elementor-element-0958799 elementor-widget elementor-widget-heading\" data-id=\"0958799\" data-element_type=\"widget\" data-e-type=\"widget\" data-widget_type=\"heading.default\">\n\t\t\t\t\t<h2 class=\"elementor-heading-title elementor-size-default\">Unsere Expertise \n<\/h2>\t\t\t\t<\/div>\n\t\t\t\t<div class=\"elementor-element elementor-element-da1c8f0 elementor-widget elementor-widget-text-editor\" data-id=\"da1c8f0\" data-element_type=\"widget\" data-e-type=\"widget\" data-widget_type=\"text-editor.default\">\n\t\t\t\t\t\t\t\t\t<p class=\"p1\"><span class=\"s1\">Unsere Kompetenzen im Drehen, Fr\u00e4sen, Bearbeiten und Montieren erm\u00f6glichen es uns, unsere Dienstleistungen auch in anderen Branchen anzubieten.<span class=\"Apple-converted-space\"> <br \/><\/span><\/span><span class=\"s1\">Vom Prototypenbau bis zur Gro\u00dfserienproduktion verf\u00fcgt Azurea \u00fcber ein gro\u00dfes Knowhow in der Bearbeitung und Montage von komplexen Kleinteilen mit einem Durchmesser von bis zu 45 Millimetern.<span class=\"Apple-converted-space\"> <br \/><\/span><\/span><span class=\"s1\">Unser Qualit\u00e4tsmanagementsystem ISO 9001 legt alle Regeln fest, die zur Aufrechterhaltung eines qualitativ hochwertigen Services anzuwenden sind.<\/span><\/p>\t\t\t\t\t\t\t\t<\/div>\n\t\t\t\t<\/div>\n\t\t\t\t\t<\/div>\n\t\t\t\t<\/div>\n\t\t<div data-particle_enable=\"false\" data-particle-mobile-disabled=\"false\" class=\"elementor-element elementor-element-f9ebba9 e-flex e-con-boxed e-con e-parent\" data-id=\"f9ebba9\" data-element_type=\"container\" data-e-type=\"container\" data-settings=\"{&quot;background_background&quot;:&quot;classic&quot;}\">\n\t\t\t\t\t<div class=\"e-con-inner\">\n\t\t\t\t<div class=\"elementor-element elementor-element-126dd78 elementor-widget elementor-widget-text-editor\" data-id=\"126dd78\" data-element_type=\"widget\" data-e-type=\"widget\" data-widget_type=\"text-editor.default\">\n\t\t\t\t\t\t\t\t\t<p class=\"p1\" style=\"text-align: center;\"><strong>Wir realisieren Ihre auspruchsvollsten Projekte<\/strong><br \/><span class=\"s1\">die ehrgeizigsten<\/span><\/p>\t\t\t\t\t\t\t\t<\/div>\n\t\t\t\t<div class=\"elementor-element elementor-element-3041bb9 elementor-widget elementor-widget-text-editor\" data-id=\"3041bb9\" data-element_type=\"widget\" data-e-type=\"widget\" data-widget_type=\"text-editor.default\">\n\t\t\t\t\t\t\t\t\t<p class=\"p1\"><span class=\"s1\">Dank unseres im Laufe der Jahre erworbenen Fachwissens k\u00f6nnen wir eine solide technische Begleitung f\u00fcr die Industrialisierung Ihrer Projekte anbieten. F\u00fcr Prototypen oder gr\u00f6\u00dfere Mengen k\u00f6nnen wir Unterbaugruppen anbieten, die aus intern gefertigten, extern weiterverarbeiteten oder zugekauften Komponenten bestehen. Wir gew\u00e4hrleisten f\u00fcr alle diese Komponenten eine R\u00fcckverfolgbarkeit.<\/span><\/p><p class=\"p1\"><span class=\"s1\"><br \/>Unser Know-how ist auf die Bearbeitung komplexer Geometrien spezialisiert, und zwar f\u00fcr eine breite Palette von Materialien wie Titan, Edelstahl, Aluminium, Kupfer und Kunststoffe.<br \/><br \/>Flexibilit\u00e4t und Transparenz sind Grundwerte der Azurea-Gruppe. Aus diesem Grund bieten wir verschiedene Vertragsarten an, die eine vereinfachte logistische und administrative Abwicklung von Projekten und Auftr\u00e4gen erm\u00f6glichen. <span class=\"Apple-converted-space\">\u00a0<\/span><\/span><\/p>\t\t\t\t\t\t\t\t<\/div>\n\t\t\t\t\t<\/div>\n\t\t\t\t<\/div>\n\t\t<div data-particle_enable=\"false\" data-particle-mobile-disabled=\"false\" class=\"elementor-element elementor-element-7488ce8 e-flex e-con-boxed e-con e-parent\" data-id=\"7488ce8\" data-element_type=\"container\" data-e-type=\"container\">\n\t\t\t\t\t<div class=\"e-con-inner\">\n\t\t<div data-particle_enable=\"false\" data-particle-mobile-disabled=\"false\" class=\"elementor-element elementor-element-761a473 e-flex e-con-boxed e-con e-child\" data-id=\"761a473\" data-element_type=\"container\" data-e-type=\"container\">\n\t\t\t\t\t<div class=\"e-con-inner\">\n\t\t<div data-particle_enable=\"false\" data-particle-mobile-disabled=\"false\" class=\"elementor-element elementor-element-348ada6 e-con-full e-flex e-con e-child\" data-id=\"348ada6\" data-element_type=\"container\" data-e-type=\"container\">\n\t\t\t\t<div class=\"elementor-element elementor-element-164372e elementor-widget elementor-widget-image\" data-id=\"164372e\" data-element_type=\"widget\" data-e-type=\"widget\" data-widget_type=\"image.default\">\n\t\t\t\t\t\t\t\t\t\t\t\t\t\t\t<img fetchpriority=\"high\" decoding=\"async\" width=\"411\" height=\"411\" src=\"https:\/\/azurea.ch\/wp-content\/uploads\/2023\/12\/microtechnique-azurea-2.jpg\" class=\"attachment-full size-full wp-image-2633\" alt=\"\" srcset=\"https:\/\/azurea.ch\/wp-content\/uploads\/2023\/12\/microtechnique-azurea-2.jpg 411w, https:\/\/azurea.ch\/wp-content\/uploads\/2023\/12\/microtechnique-azurea-2-300x300.jpg 300w, https:\/\/azurea.ch\/wp-content\/uploads\/2023\/12\/microtechnique-azurea-2-150x150.jpg 150w\" sizes=\"(max-width: 411px) 100vw, 411px\" \/>\t\t\t\t\t\t\t\t\t\t\t\t\t\t\t<\/div>\n\t\t\t\t<div class=\"elementor-element elementor-element-93a6fd2 elementor-hidden-desktop elementor-hidden-laptop elementor-hidden-tablet_extra elementor-hidden-tablet elementor-hidden-mobile_extra elementor-hidden-mobile elementor-widget elementor-widget-video\" data-id=\"93a6fd2\" data-element_type=\"widget\" data-e-type=\"widget\" data-settings=\"{&quot;video_type&quot;:&quot;hosted&quot;,&quot;autoplay&quot;:&quot;yes&quot;,&quot;play_on_mobile&quot;:&quot;yes&quot;,&quot;mute&quot;:&quot;yes&quot;,&quot;loop&quot;:&quot;yes&quot;,&quot;controls&quot;:&quot;yes&quot;}\" data-widget_type=\"video.default\">\n\t\t\t\t\t\t\t<div class=\"e-hosted-video elementor-wrapper elementor-open-inline\">\n\t\t\t\t\t<video class=\"elementor-video\" src=\"https:\/\/azurea.ch\/wp-content\/uploads\/2023\/12\/microtechnique-1.jpg\" autoplay=\"\" loop=\"\" controls=\"\" muted=\"muted\" playsinline=\"\" controlslist=\"nodownload\" poster=\"https:\/\/azurea.ch\/wp-content\/uploads\/2023\/12\/microtechnique-1.jpg\"><\/video>\n\t\t\t\t<\/div>\n\t\t\t\t\t\t<\/div>\n\t\t\t\t<\/div>\n\t\t<div data-particle_enable=\"false\" data-particle-mobile-disabled=\"false\" class=\"elementor-element elementor-element-c6e5538 e-con-full e-flex e-con e-child\" data-id=\"c6e5538\" data-element_type=\"container\" data-e-type=\"container\">\n\t\t\t\t<div class=\"elementor-element elementor-element-90b6726 elementor-widget elementor-widget-heading\" data-id=\"90b6726\" data-element_type=\"widget\" data-e-type=\"widget\" data-widget_type=\"heading.default\">\n\t\t\t\t\t<h2 class=\"elementor-heading-title elementor-size-default\">\nInfrastruktur, ausgelegt auf Mikrotechnik\n<\/h2>\t\t\t\t<\/div>\n\t\t\t\t<div class=\"elementor-element elementor-element-b7023ac elementor-widget elementor-widget-text-editor\" data-id=\"b7023ac\" data-element_type=\"widget\" data-e-type=\"widget\" data-widget_type=\"text-editor.default\">\n\t\t\t\t\t\t\t\t\t<p>Wir bevorzugen die Vertikalisierung, um alle Schritte zu beherrschen, die f\u00fcr die Herstellung der von uns gelieferten Komponenten und Baugruppen erforderlich sind. In diesem Sinne erm\u00f6glichen unsere Anlagen das Drehen, Fr\u00e4sen, Bearbeiten, Lasergravieren und Montieren.<\/p>\t\t\t\t\t\t\t\t<\/div>\n\t\t\t\t<div class=\"elementor-element elementor-element-a8f6491 elementor-widget elementor-widget-text-editor\" data-id=\"a8f6491\" data-element_type=\"widget\" data-e-type=\"widget\" data-widget_type=\"text-editor.default\">\n\t\t\t\t\t\t\t\t\t<p>Unsere Verpflichtung zu Spitzenleistungen f\u00fchrt dazu, dass wir kontinuierlich in unsere Produktionsanlagen investieren. So verf\u00fcgen wir \u00fcber einen homogenen CNC-Park mit vollautomatisierten Anlagen. Ein Raum mit kontrollierter Umgebung nach ISO 7 garantiert optimale Montagebedingungen.<\/p>\t\t\t\t\t\t\t\t<\/div>\n\t\t\t\t<\/div>\n\t\t\t\t\t<\/div>\n\t\t\t\t<\/div>\n\t\t\t\t\t<\/div>\n\t\t\t\t<\/div>\n\t\t<div data-particle_enable=\"false\" data-particle-mobile-disabled=\"false\" class=\"elementor-element elementor-element-a61b813 e-flex e-con-boxed e-con e-parent\" data-id=\"a61b813\" data-element_type=\"container\" data-e-type=\"container\" id=\"competences\">\n\t\t\t\t\t<div class=\"e-con-inner\">\n\t\t<div data-particle_enable=\"false\" data-particle-mobile-disabled=\"false\" class=\"elementor-element elementor-element-78d68d5 e-flex e-con-boxed e-con e-child\" data-id=\"78d68d5\" data-element_type=\"container\" data-e-type=\"container\">\n\t\t\t\t\t<div class=\"e-con-inner\">\n\t\t<div data-particle_enable=\"false\" data-particle-mobile-disabled=\"false\" class=\"elementor-element elementor-element-87a24d9 e-flex e-con-boxed e-con e-child\" data-id=\"87a24d9\" data-element_type=\"container\" data-e-type=\"container\">\n\t\t\t\t\t<div class=\"e-con-inner\">\n\t\t\t\t<div class=\"elementor-element elementor-element-b76d4e9 elementor-widget elementor-widget-heading\" data-id=\"b76d4e9\" data-element_type=\"widget\" data-e-type=\"widget\" data-widget_type=\"heading.default\">\n\t\t\t\t\t<h2 class=\"elementor-heading-title elementor-size-default\">Komplement\u00e4re F\u00e4higkeiten in einer schlanken Organisation  <\/h2>\t\t\t\t<\/div>\n\t\t\t\t<div class=\"elementor-element elementor-element-e7639fa elementor-widget__width-initial elementor-widget elementor-widget-heading\" data-id=\"e7639fa\" data-element_type=\"widget\" data-e-type=\"widget\" data-widget_type=\"heading.default\">\n\t\t\t\t\t<h2 class=\"elementor-heading-title elementor-size-default\">Um die Durchf\u00fchrung der uns anvertrauten Projekte erfolgreich zu gestalten, haben wir die Lean-Philosophie \u00fcbernommen.\n<\/h2>\t\t\t\t<\/div>\n\t\t\t\t<div class=\"elementor-element elementor-element-87b47fa elementor-widget elementor-widget-text-editor\" data-id=\"87b47fa\" data-element_type=\"widget\" data-e-type=\"widget\" data-widget_type=\"text-editor.default\">\n\t\t\t\t\t\t\t\t\t<p class=\"p1\"><span class=\"s1\">Die strenge \u00dcberwachung der Aktivit\u00e4ten, eine flexible und reaktionsschnelle Organisation und eine effiziente Kommunikation sind die Grundlagen unseres Arbeitsablaufs. Innerhalb dieser Organisationsstruktur sch\u00e4tzen wir die technische Herausforderung und die Arbeit in Gruppen. Wir setzen dies mithilfe von komplement\u00e4ren Kompetenzen und Profilen unserer Belegschaft um. Ingenieure, Techniker, Fachexperten, qualifizierte Mitarbeiter und Bediener bilden ein multidisziplin\u00e4res Team, das sich f\u00fcr die Umsetzung der uns anvertrauten Projekte mit gro\u00dfem Engagement einsetzt.<span class=\"Apple-converted-space\">\u00a0 \u00a0<\/span><\/span><\/p>\t\t\t\t\t\t\t\t<\/div>\n\t\t\t\t\t<\/div>\n\t\t\t\t<\/div>\n\t\t<div data-particle_enable=\"false\" data-particle-mobile-disabled=\"false\" class=\"elementor-element elementor-element-dad98f7 e-flex e-con-boxed e-con e-child\" data-id=\"dad98f7\" data-element_type=\"container\" data-e-type=\"container\">\n\t\t\t\t\t<div class=\"e-con-inner\">\n\t\t\t\t<div class=\"elementor-element elementor-element-29ece0e elementor-widget elementor-widget-image\" data-id=\"29ece0e\" data-element_type=\"widget\" data-e-type=\"widget\" data-widget_type=\"image.default\">\n\t\t\t\t\t\t\t\t\t\t\t\t\t\t\t<img decoding=\"async\" width=\"411\" height=\"411\" src=\"https:\/\/azurea.ch\/wp-content\/uploads\/2023\/10\/microtechnique2.jpg\" class=\"attachment-large size-large wp-image-613\" alt=\"\" srcset=\"https:\/\/azurea.ch\/wp-content\/uploads\/2023\/10\/microtechnique2.jpg 411w, https:\/\/azurea.ch\/wp-content\/uploads\/2023\/10\/microtechnique2-300x300.jpg 300w, https:\/\/azurea.ch\/wp-content\/uploads\/2023\/10\/microtechnique2-150x150.jpg 150w\" sizes=\"(max-width: 411px) 100vw, 411px\" \/>\t\t\t\t\t\t\t\t\t\t\t\t\t\t\t<\/div>\n\t\t\t\t\t<\/div>\n\t\t\t\t<\/div>\n\t\t\t\t\t<\/div>\n\t\t\t\t<\/div>\n\t\t\t\t\t<\/div>\n\t\t\t\t<\/div>\n\t\t\t\t<\/div>","protected":false},"excerpt":{"rendered":"<p>Microtechnique Notre savoir-faire nous permet d\u2019op\u00e9rer dans des domaines aussi diversifi\u00e9s que l\u2019automobile, l\u2019industrie alimentaire et l\u2019a\u00e9ronautique. Notre expertise Nos capacit\u00e9s en tournage, fraisage, traitements et assemblage nous permettent de proposer nos services dans d\u2019autres secteurs. Du prototypage \u00e0 la production de grandes s\u00e9ries, Azurea poss\u00e8de une grande expertise dans l\u2019usinage et assemblage de pi\u00e8ces [&hellip;]<\/p>\n","protected":false},"author":1,"featured_media":0,"parent":0,"menu_order":0,"comment_status":"closed","ping_status":"closed","template":"","meta":{"_acf_changed":false,"footnotes":""},"class_list":["post-602","page","type-page","status-publish","hentry"],"acf":[],"yoast_head":"<!-- This site is optimized with the Yoast SEO plugin v27.4 - https:\/\/yoast.com\/product\/yoast-seo-wordpress\/ -->\n<title>Microtechnique - Azurea<\/title>\n<meta name=\"description\" content=\"Notre savoir-faire nous permet d\u2019op\u00e9rer dans des domaines aussi diversifi\u00e9s que l\u2019automobile, l\u2019industrie alimentaire et l\u2019a\u00e9ronautique.\" \/>\n<meta name=\"robots\" content=\"index, follow, max-snippet:-1, max-image-preview:large, max-video-preview:-1\" \/>\n<link rel=\"canonical\" href=\"https:\/\/azurea.ch\/de\/mikrotechnik\/\" \/>\n<meta property=\"og:locale\" content=\"de_DE\" \/>\n<meta property=\"og:type\" content=\"article\" \/>\n<meta property=\"og:title\" content=\"Microtechnique - Azurea\" \/>\n<meta property=\"og:description\" content=\"Notre savoir-faire nous permet d\u2019op\u00e9rer dans des domaines aussi diversifi\u00e9s que l\u2019automobile, l\u2019industrie alimentaire et l\u2019a\u00e9ronautique.\" \/>\n<meta property=\"og:url\" content=\"https:\/\/azurea.ch\/de\/mikrotechnik\/\" \/>\n<meta property=\"og:site_name\" content=\"Azurea\" \/>\n<meta property=\"article:modified_time\" content=\"2024-03-06T10:19:37+00:00\" \/>\n<meta property=\"og:image\" content=\"https:\/\/azurea.ch\/wp-content\/uploads\/2023\/12\/ATB3_detoure.png\" \/>\n<meta name=\"twitter:card\" content=\"summary_large_image\" \/>\n<meta name=\"twitter:label1\" content=\"Gesch\u00e4tzte Lesezeit\" \/>\n\t<meta name=\"twitter:data1\" content=\"3\u00a0Minuten\" \/>\n<script type=\"application\/ld+json\" class=\"yoast-schema-graph\">{\"@context\":\"https:\\\/\\\/schema.org\",\"@graph\":[{\"@type\":\"WebPage\",\"@id\":\"https:\\\/\\\/azurea.ch\\\/microtechnique\\\/\",\"url\":\"https:\\\/\\\/azurea.ch\\\/microtechnique\\\/\",\"name\":\"Microtechnique - Azurea\",\"isPartOf\":{\"@id\":\"https:\\\/\\\/azurea.ch\\\/#website\"},\"primaryImageOfPage\":{\"@id\":\"https:\\\/\\\/azurea.ch\\\/microtechnique\\\/#primaryimage\"},\"image\":{\"@id\":\"https:\\\/\\\/azurea.ch\\\/microtechnique\\\/#primaryimage\"},\"thumbnailUrl\":\"https:\\\/\\\/azurea.ch\\\/wp-content\\\/uploads\\\/2023\\\/12\\\/ATB3_detoure.png\",\"datePublished\":\"2023-10-10T11:19:45+00:00\",\"dateModified\":\"2024-03-06T10:19:37+00:00\",\"description\":\"Notre savoir-faire nous permet d\u2019op\u00e9rer dans des domaines aussi diversifi\u00e9s que l\u2019automobile, l\u2019industrie alimentaire et l\u2019a\u00e9ronautique.\",\"breadcrumb\":{\"@id\":\"https:\\\/\\\/azurea.ch\\\/microtechnique\\\/#breadcrumb\"},\"inLanguage\":\"de-CH\",\"potentialAction\":[{\"@type\":\"ReadAction\",\"target\":[\"https:\\\/\\\/azurea.ch\\\/microtechnique\\\/\"]}]},{\"@type\":\"ImageObject\",\"inLanguage\":\"de-CH\",\"@id\":\"https:\\\/\\\/azurea.ch\\\/microtechnique\\\/#primaryimage\",\"url\":\"https:\\\/\\\/azurea.ch\\\/wp-content\\\/uploads\\\/2023\\\/12\\\/ATB3_detoure.png\",\"contentUrl\":\"https:\\\/\\\/azurea.ch\\\/wp-content\\\/uploads\\\/2023\\\/12\\\/ATB3_detoure.png\"},{\"@type\":\"BreadcrumbList\",\"@id\":\"https:\\\/\\\/azurea.ch\\\/microtechnique\\\/#breadcrumb\",\"itemListElement\":[{\"@type\":\"ListItem\",\"position\":1,\"name\":\"Accueil\",\"item\":\"https:\\\/\\\/azurea.ch\\\/\"},{\"@type\":\"ListItem\",\"position\":2,\"name\":\"Microtechnique\"}]},{\"@type\":\"WebSite\",\"@id\":\"https:\\\/\\\/azurea.ch\\\/#website\",\"url\":\"https:\\\/\\\/azurea.ch\\\/\",\"name\":\"Azurea\",\"description\":\"Excellence et savoir-faire dans l&#039;usinage de pr\u00e9cision depuis 100 ans - d\u00e9colletage\",\"publisher\":{\"@id\":\"https:\\\/\\\/azurea.ch\\\/#organization\"},\"potentialAction\":[{\"@type\":\"SearchAction\",\"target\":{\"@type\":\"EntryPoint\",\"urlTemplate\":\"https:\\\/\\\/azurea.ch\\\/?s={search_term_string}\"},\"query-input\":{\"@type\":\"PropertyValueSpecification\",\"valueRequired\":true,\"valueName\":\"search_term_string\"}}],\"inLanguage\":\"de-CH\"},{\"@type\":\"Organization\",\"@id\":\"https:\\\/\\\/azurea.ch\\\/#organization\",\"name\":\"Azurea\",\"url\":\"https:\\\/\\\/azurea.ch\\\/\",\"logo\":{\"@type\":\"ImageObject\",\"inLanguage\":\"de-CH\",\"@id\":\"https:\\\/\\\/azurea.ch\\\/#\\\/schema\\\/logo\\\/image\\\/\",\"url\":\"https:\\\/\\\/azurea.ch\\\/wp-content\\\/uploads\\\/2023\\\/09\\\/Azurea-logo.png\",\"contentUrl\":\"https:\\\/\\\/azurea.ch\\\/wp-content\\\/uploads\\\/2023\\\/09\\\/Azurea-logo.png\",\"width\":223,\"height\":36,\"caption\":\"Azurea\"},\"image\":{\"@id\":\"https:\\\/\\\/azurea.ch\\\/#\\\/schema\\\/logo\\\/image\\\/\"},\"sameAs\":[\"https:\\\/\\\/www.linkedin.com\\\/company\\\/azureatechnologies-group\"]}]}<\/script>\n<!-- \/ Yoast SEO plugin. -->","yoast_head_json":{"title":"Mikrotechnik - Azurea","description":"Dank unseres Know-hows sind wir in so unterschiedlichen Bereichen wie der Automobilindustrie, der Lebensmittelindustrie und der Luftfahrt t\u00e4tig.","robots":{"index":"index","follow":"follow","max-snippet":"max-snippet:-1","max-image-preview":"max-image-preview:large","max-video-preview":"max-video-preview:-1"},"canonical":"https:\/\/azurea.ch\/de\/mikrotechnik\/","og_locale":"de_DE","og_type":"article","og_title":"Microtechnique - Azurea","og_description":"Notre savoir-faire nous permet d\u2019op\u00e9rer dans des domaines aussi diversifi\u00e9s que l\u2019automobile, l\u2019industrie alimentaire et l\u2019a\u00e9ronautique.","og_url":"https:\/\/azurea.ch\/de\/mikrotechnik\/","og_site_name":"Azurea","article_modified_time":"2024-03-06T10:19:37+00:00","og_image":[{"url":"https:\/\/azurea.ch\/wp-content\/uploads\/2023\/12\/ATB3_detoure.png","type":"","width":"","height":""}],"twitter_card":"summary_large_image","twitter_misc":{"Gesch\u00e4tzte Lesezeit":"3\u00a0Minuten"},"schema":{"@context":"https:\/\/schema.org","@graph":[{"@type":"WebPage","@id":"https:\/\/azurea.ch\/microtechnique\/","url":"https:\/\/azurea.ch\/microtechnique\/","name":"Mikrotechnik - Azurea","isPartOf":{"@id":"https:\/\/azurea.ch\/#website"},"primaryImageOfPage":{"@id":"https:\/\/azurea.ch\/microtechnique\/#primaryimage"},"image":{"@id":"https:\/\/azurea.ch\/microtechnique\/#primaryimage"},"thumbnailUrl":"https:\/\/azurea.ch\/wp-content\/uploads\/2023\/12\/ATB3_detoure.png","datePublished":"2023-10-10T11:19:45+00:00","dateModified":"2024-03-06T10:19:37+00:00","description":"Dank unseres Know-hows sind wir in so unterschiedlichen Bereichen wie der Automobilindustrie, der Lebensmittelindustrie und der Luftfahrt t\u00e4tig.","breadcrumb":{"@id":"https:\/\/azurea.ch\/microtechnique\/#breadcrumb"},"inLanguage":"de-CH","potentialAction":[{"@type":"ReadAction","target":["https:\/\/azurea.ch\/microtechnique\/"]}]},{"@type":"ImageObject","inLanguage":"de-CH","@id":"https:\/\/azurea.ch\/microtechnique\/#primaryimage","url":"https:\/\/azurea.ch\/wp-content\/uploads\/2023\/12\/ATB3_detoure.png","contentUrl":"https:\/\/azurea.ch\/wp-content\/uploads\/2023\/12\/ATB3_detoure.png"},{"@type":"BreadcrumbList","@id":"https:\/\/azurea.ch\/microtechnique\/#breadcrumb","itemListElement":[{"@type":"ListItem","position":1,"name":"Accueil","item":"https:\/\/azurea.ch\/"},{"@type":"ListItem","position":2,"name":"Microtechnique"}]},{"@type":"WebSite","@id":"https:\/\/azurea.ch\/#website","url":"https:\/\/azurea.ch\/","name":"Azurea","description":"Exzellenz und Know-how in der Pr\u00e4zisionsbearbeitung seit 100 Jahren - Automatendrehen","publisher":{"@id":"https:\/\/azurea.ch\/#organization"},"potentialAction":[{"@type":"SearchAction","target":{"@type":"EntryPoint","urlTemplate":"https:\/\/azurea.ch\/?s={search_term_string}"},"query-input":{"@type":"PropertyValueSpecification","valueRequired":true,"valueName":"search_term_string"}}],"inLanguage":"de-CH"},{"@type":"Organization","@id":"https:\/\/azurea.ch\/#organization","name":"Azurea","url":"https:\/\/azurea.ch\/","logo":{"@type":"ImageObject","inLanguage":"de-CH","@id":"https:\/\/azurea.ch\/#\/schema\/logo\/image\/","url":"https:\/\/azurea.ch\/wp-content\/uploads\/2023\/09\/Azurea-logo.png","contentUrl":"https:\/\/azurea.ch\/wp-content\/uploads\/2023\/09\/Azurea-logo.png","width":223,"height":36,"caption":"Azurea"},"image":{"@id":"https:\/\/azurea.ch\/#\/schema\/logo\/image\/"},"sameAs":["https:\/\/www.linkedin.com\/company\/azureatechnologies-group"]}]}},"_links":{"self":[{"href":"https:\/\/azurea.ch\/de\/wp-json\/wp\/v2\/pages\/602","targetHints":{"allow":["GET"]}}],"collection":[{"href":"https:\/\/azurea.ch\/de\/wp-json\/wp\/v2\/pages"}],"about":[{"href":"https:\/\/azurea.ch\/de\/wp-json\/wp\/v2\/types\/page"}],"author":[{"embeddable":true,"href":"https:\/\/azurea.ch\/de\/wp-json\/wp\/v2\/users\/1"}],"replies":[{"embeddable":true,"href":"https:\/\/azurea.ch\/de\/wp-json\/wp\/v2\/comments?post=602"}],"version-history":[{"count":130,"href":"https:\/\/azurea.ch\/de\/wp-json\/wp\/v2\/pages\/602\/revisions"}],"predecessor-version":[{"id":2853,"href":"https:\/\/azurea.ch\/de\/wp-json\/wp\/v2\/pages\/602\/revisions\/2853"}],"wp:attachment":[{"href":"https:\/\/azurea.ch\/de\/wp-json\/wp\/v2\/media?parent=602"}],"curies":[{"name":"wp","href":"https:\/\/api.w.org\/{rel}","templated":true}]}}