{"id":602,"date":"2023-10-10T13:19:45","date_gmt":"2023-10-10T11:19:45","guid":{"rendered":"https:\/\/azurea.ch\/?page_id=602"},"modified":"2024-03-06T11:19:37","modified_gmt":"2024-03-06T10:19:37","slug":"microtechnology","status":"publish","type":"page","link":"https:\/\/azurea.ch\/en\/microtechnique\/","title":{"rendered":"Microtechnology"},"content":{"rendered":"<div data-elementor-type=\"wp-page\" data-elementor-id=\"602\" class=\"elementor elementor-602\" data-elementor-post-type=\"page\">\n\t\t\t\t<div data-particle_enable=\"false\" data-particle-mobile-disabled=\"false\" class=\"elementor-element elementor-element-44984b2 e-flex e-con-boxed e-con e-parent\" data-id=\"44984b2\" data-element_type=\"container\" data-e-type=\"container\">\n\t\t\t\t\t<div class=\"e-con-inner\">\n\t\t<div data-particle_enable=\"false\" data-particle-mobile-disabled=\"false\" class=\"elementor-element elementor-element-362d1f5 e-con-full e-flex e-con e-child\" data-id=\"362d1f5\" data-element_type=\"container\" data-e-type=\"container\">\n\t\t\t\t<div class=\"elementor-element elementor-element-e8b285b elementor-widget__width-initial elementor-widget elementor-widget-heading\" data-id=\"e8b285b\" data-element_type=\"widget\" data-e-type=\"widget\" data-widget_type=\"heading.default\">\n\t\t\t\t\t<h1 class=\"elementor-heading-title elementor-size-default\">Microtechnology<\/h1>\t\t\t\t<\/div>\n\t\t\t\t<\/div>\n\t\t<div data-particle_enable=\"false\" data-particle-mobile-disabled=\"false\" class=\"elementor-element elementor-element-29cac90 e-flex e-con-boxed e-con e-child\" data-id=\"29cac90\" data-element_type=\"container\" data-e-type=\"container\">\n\t\t\t\t\t<div class=\"e-con-inner\">\n\t\t\t\t<div class=\"elementor-element elementor-element-fba2de4 elementor-widget elementor-widget-image\" data-id=\"fba2de4\" data-element_type=\"widget\" data-e-type=\"widget\" data-widget_type=\"image.default\">\n\t\t\t\t\t\t\t\t\t\t\t\t\t\t\t<img decoding=\"async\" src=\"https:\/\/azurea.ch\/wp-content\/uploads\/2023\/12\/ATB3_detoure.png\" title=\"ATB3_detoure\" alt=\"ATB3_detoure\" loading=\"lazy\" \/>\t\t\t\t\t\t\t\t\t\t\t\t\t\t\t<\/div>\n\t\t\t\t\t<\/div>\n\t\t\t\t<\/div>\n\t\t\t\t\t<\/div>\n\t\t\t\t<\/div>\n\t\t<div data-particle_enable=\"false\" data-particle-mobile-disabled=\"false\" class=\"elementor-element elementor-element-926fce2 e-flex e-con-boxed e-con e-parent\" data-id=\"926fce2\" data-element_type=\"container\" data-e-type=\"container\" id=\"expertise\">\n\t\t\t\t\t<div class=\"e-con-inner\">\n\t\t<div data-particle_enable=\"false\" data-particle-mobile-disabled=\"false\" class=\"elementor-element elementor-element-539505c e-con-full e-flex e-con e-child\" data-id=\"539505c\" data-element_type=\"container\" data-e-type=\"container\">\n\t\t\t\t<div class=\"elementor-element elementor-element-10d9776 elementor-widget elementor-widget-text-editor\" data-id=\"10d9776\" data-element_type=\"widget\" data-e-type=\"widget\" data-widget_type=\"text-editor.default\">\n\t\t\t\t\t\t\t\t\t<p class=\"p1\">Our know-how enables us to operate in a wide range of fields, including\u00a0<br \/>such as the automotive, food and aeronautics industries.<\/p>\t\t\t\t\t\t\t\t<\/div>\n\t\t\t\t<div class=\"elementor-element elementor-element-0958799 elementor-widget elementor-widget-heading\" data-id=\"0958799\" data-element_type=\"widget\" data-e-type=\"widget\" data-widget_type=\"heading.default\">\n\t\t\t\t\t<h2 class=\"elementor-heading-title elementor-size-default\">Our expertise \n<\/h2>\t\t\t\t<\/div>\n\t\t\t\t<div class=\"elementor-element elementor-element-da1c8f0 elementor-widget elementor-widget-text-editor\" data-id=\"da1c8f0\" data-element_type=\"widget\" data-e-type=\"widget\" data-widget_type=\"text-editor.default\">\n\t\t\t\t\t\t\t\t\t<p class=\"p1\"><span class=\"s1\">Our turning, milling, machining and assembly capabilities enable us to offer our services to other sectors.<span class=\"Apple-converted-space\"> <br \/><\/span><\/span><span class=\"s1\">From prototyping to high-volume production, Azurea has extensive expertise in the machining and assembly of complex small parts up to 45 millimeters in diameter.<span class=\"Apple-converted-space\"> <br \/><\/span><\/span><span class=\"s1\">Our ISO 9001 quality management system lays down the rules for maintaining quality service.<\/span><\/p>\t\t\t\t\t\t\t\t<\/div>\n\t\t\t\t<\/div>\n\t\t\t\t\t<\/div>\n\t\t\t\t<\/div>\n\t\t<div data-particle_enable=\"false\" data-particle-mobile-disabled=\"false\" class=\"elementor-element elementor-element-f9ebba9 e-flex e-con-boxed e-con e-parent\" data-id=\"f9ebba9\" data-element_type=\"container\" data-e-type=\"container\" data-settings=\"{&quot;background_background&quot;:&quot;classic&quot;}\">\n\t\t\t\t\t<div class=\"e-con-inner\">\n\t\t\t\t<div class=\"elementor-element elementor-element-126dd78 elementor-widget elementor-widget-text-editor\" data-id=\"126dd78\" data-element_type=\"widget\" data-e-type=\"widget\" data-widget_type=\"text-editor.default\">\n\t\t\t\t\t\t\t\t\t<p class=\"p1\" style=\"text-align: center;\"><strong>We realize your projects<\/strong><br \/><span class=\"s1\">the most ambitious<\/span><\/p>\t\t\t\t\t\t\t\t<\/div>\n\t\t\t\t<div class=\"elementor-element elementor-element-3041bb9 elementor-widget elementor-widget-text-editor\" data-id=\"3041bb9\" data-element_type=\"widget\" data-e-type=\"widget\" data-widget_type=\"text-editor.default\">\n\t\t\t\t\t\t\t\t\t<p class=\"p1\"><span class=\"s1\">The expertise we have acquired over the years enables us to offer sound technical support for the industrialization of your projects. For prototypes or larger volumes, we are able to offer sub-assemblies made up of parts manufactured in-house and subcontracted or purchased components. We ensure traceability for all these components.<\/span><\/p><p class=\"p1\"><span class=\"s1\"><br \/>We specialize in machining complex geometries in a wide range of materials, including titanium, stainless steel, aluminum, copper and plastics.<br \/><br \/>Flexibility and transparency are core values of the Azurea Group, which is why we offer various types of contract to simplify the logistical and administrative management of projects and orders. <span class=\"Apple-converted-space\">\u00a0<\/span><\/span><\/p>\t\t\t\t\t\t\t\t<\/div>\n\t\t\t\t\t<\/div>\n\t\t\t\t<\/div>\n\t\t<div data-particle_enable=\"false\" data-particle-mobile-disabled=\"false\" class=\"elementor-element elementor-element-7488ce8 e-flex e-con-boxed e-con e-parent\" data-id=\"7488ce8\" data-element_type=\"container\" data-e-type=\"container\">\n\t\t\t\t\t<div class=\"e-con-inner\">\n\t\t<div data-particle_enable=\"false\" data-particle-mobile-disabled=\"false\" class=\"elementor-element elementor-element-761a473 e-flex e-con-boxed e-con e-child\" data-id=\"761a473\" data-element_type=\"container\" data-e-type=\"container\">\n\t\t\t\t\t<div class=\"e-con-inner\">\n\t\t<div data-particle_enable=\"false\" data-particle-mobile-disabled=\"false\" class=\"elementor-element elementor-element-348ada6 e-con-full e-flex e-con e-child\" data-id=\"348ada6\" data-element_type=\"container\" data-e-type=\"container\">\n\t\t\t\t<div class=\"elementor-element elementor-element-164372e elementor-widget elementor-widget-image\" data-id=\"164372e\" data-element_type=\"widget\" data-e-type=\"widget\" data-widget_type=\"image.default\">\n\t\t\t\t\t\t\t\t\t\t\t\t\t\t\t<img fetchpriority=\"high\" decoding=\"async\" width=\"411\" height=\"411\" src=\"https:\/\/azurea.ch\/wp-content\/uploads\/2023\/12\/microtechnique-azurea-2.jpg\" class=\"attachment-full size-full wp-image-2633\" alt=\"\" srcset=\"https:\/\/azurea.ch\/wp-content\/uploads\/2023\/12\/microtechnique-azurea-2.jpg 411w, https:\/\/azurea.ch\/wp-content\/uploads\/2023\/12\/microtechnique-azurea-2-300x300.jpg 300w, https:\/\/azurea.ch\/wp-content\/uploads\/2023\/12\/microtechnique-azurea-2-150x150.jpg 150w\" sizes=\"(max-width: 411px) 100vw, 411px\" \/>\t\t\t\t\t\t\t\t\t\t\t\t\t\t\t<\/div>\n\t\t\t\t<div class=\"elementor-element elementor-element-93a6fd2 elementor-hidden-desktop elementor-hidden-laptop elementor-hidden-tablet_extra elementor-hidden-tablet elementor-hidden-mobile_extra elementor-hidden-mobile elementor-widget elementor-widget-video\" data-id=\"93a6fd2\" data-element_type=\"widget\" data-e-type=\"widget\" data-settings=\"{&quot;video_type&quot;:&quot;hosted&quot;,&quot;autoplay&quot;:&quot;yes&quot;,&quot;play_on_mobile&quot;:&quot;yes&quot;,&quot;mute&quot;:&quot;yes&quot;,&quot;loop&quot;:&quot;yes&quot;,&quot;controls&quot;:&quot;yes&quot;}\" data-widget_type=\"video.default\">\n\t\t\t\t\t\t\t<div class=\"e-hosted-video elementor-wrapper elementor-open-inline\">\n\t\t\t\t\t<video class=\"elementor-video\" src=\"https:\/\/azurea.ch\/wp-content\/uploads\/2023\/12\/microtechnique-1.jpg\" autoplay=\"\" loop=\"\" controls=\"\" muted=\"muted\" playsinline=\"\" controlslist=\"nodownload\" poster=\"https:\/\/azurea.ch\/wp-content\/uploads\/2023\/12\/microtechnique-1.jpg\"><\/video>\n\t\t\t\t<\/div>\n\t\t\t\t\t\t<\/div>\n\t\t\t\t<\/div>\n\t\t<div data-particle_enable=\"false\" data-particle-mobile-disabled=\"false\" class=\"elementor-element elementor-element-c6e5538 e-con-full e-flex e-con e-child\" data-id=\"c6e5538\" data-element_type=\"container\" data-e-type=\"container\">\n\t\t\t\t<div class=\"elementor-element elementor-element-90b6726 elementor-widget elementor-widget-heading\" data-id=\"90b6726\" data-element_type=\"widget\" data-e-type=\"widget\" data-widget_type=\"heading.default\">\n\t\t\t\t\t<h2 class=\"elementor-heading-title elementor-size-default\">\nInfrastructure dedicated to microtechnology\n<\/h2>\t\t\t\t<\/div>\n\t\t\t\t<div class=\"elementor-element elementor-element-b7023ac elementor-widget elementor-widget-text-editor\" data-id=\"b7023ac\" data-element_type=\"widget\" data-e-type=\"widget\" data-widget_type=\"text-editor.default\">\n\t\t\t\t\t\t\t\t\t<p>We prefer to work vertically, so as to control all the stages involved in manufacturing the components and sub-assemblies we supply. To this end, our equipment enables us to turn, mill, treat, laser engrave and assemble.<\/p>\t\t\t\t\t\t\t\t<\/div>\n\t\t\t\t<div class=\"elementor-element elementor-element-a8f6491 elementor-widget elementor-widget-text-editor\" data-id=\"a8f6491\" data-element_type=\"widget\" data-e-type=\"widget\" data-widget_type=\"text-editor.default\">\n\t\t\t\t\t\t\t\t\t<p>Our commitment to excellence leads us to continually invest in our production facilities. As a result, we have a homogeneous CNC park equipped with fully automated equipment. An ISO 7 controlled environment room guarantees optimal assembly conditions.<\/p>\t\t\t\t\t\t\t\t<\/div>\n\t\t\t\t<\/div>\n\t\t\t\t\t<\/div>\n\t\t\t\t<\/div>\n\t\t\t\t\t<\/div>\n\t\t\t\t<\/div>\n\t\t<div data-particle_enable=\"false\" data-particle-mobile-disabled=\"false\" class=\"elementor-element elementor-element-a61b813 e-flex e-con-boxed e-con e-parent\" data-id=\"a61b813\" data-element_type=\"container\" data-e-type=\"container\" id=\"competences\">\n\t\t\t\t\t<div class=\"e-con-inner\">\n\t\t<div data-particle_enable=\"false\" data-particle-mobile-disabled=\"false\" class=\"elementor-element elementor-element-78d68d5 e-flex e-con-boxed e-con e-child\" data-id=\"78d68d5\" data-element_type=\"container\" data-e-type=\"container\">\n\t\t\t\t\t<div class=\"e-con-inner\">\n\t\t<div data-particle_enable=\"false\" data-particle-mobile-disabled=\"false\" class=\"elementor-element elementor-element-87a24d9 e-flex e-con-boxed e-con e-child\" data-id=\"87a24d9\" data-element_type=\"container\" data-e-type=\"container\">\n\t\t\t\t\t<div class=\"e-con-inner\">\n\t\t\t\t<div class=\"elementor-element elementor-element-b76d4e9 elementor-widget elementor-widget-heading\" data-id=\"b76d4e9\" data-element_type=\"widget\" data-e-type=\"widget\" data-widget_type=\"heading.default\">\n\t\t\t\t\t<h2 class=\"elementor-heading-title elementor-size-default\">Complementary skills within a lean organization  <\/h2>\t\t\t\t<\/div>\n\t\t\t\t<div class=\"elementor-element elementor-element-e7639fa elementor-widget__width-initial elementor-widget elementor-widget-heading\" data-id=\"e7639fa\" data-element_type=\"widget\" data-e-type=\"widget\" data-widget_type=\"heading.default\">\n\t\t\t\t\t<h2 class=\"elementor-heading-title elementor-size-default\">To ensure the successful completion of the projects\nwe have adopted the lean philosophy.\n<\/h2>\t\t\t\t<\/div>\n\t\t\t\t<div class=\"elementor-element elementor-element-87b47fa elementor-widget elementor-widget-text-editor\" data-id=\"87b47fa\" data-element_type=\"widget\" data-e-type=\"widget\" data-widget_type=\"text-editor.default\">\n\t\t\t\t\t\t\t\t\t<p class=\"p1\"><span class=\"s1\">Rigorous monitoring of activities, flexible and responsive organization and efficient communication are the foundations of our approach. Within this organization, we encourage technical challenge and group work. We make this possible with the help of complementary skills and profiles. Engineers, technicians, trade experts, skilled employees and operators form a multi-disciplinary team involved in the realization of the projects entrusted to us.<span class=\"Apple-converted-space\">\u00a0 \u00a0<\/span><\/span><\/p>\t\t\t\t\t\t\t\t<\/div>\n\t\t\t\t\t<\/div>\n\t\t\t\t<\/div>\n\t\t<div data-particle_enable=\"false\" data-particle-mobile-disabled=\"false\" class=\"elementor-element elementor-element-dad98f7 e-flex e-con-boxed e-con e-child\" data-id=\"dad98f7\" data-element_type=\"container\" data-e-type=\"container\">\n\t\t\t\t\t<div class=\"e-con-inner\">\n\t\t\t\t<div class=\"elementor-element elementor-element-29ece0e elementor-widget elementor-widget-image\" data-id=\"29ece0e\" data-element_type=\"widget\" data-e-type=\"widget\" data-widget_type=\"image.default\">\n\t\t\t\t\t\t\t\t\t\t\t\t\t\t\t<img decoding=\"async\" width=\"411\" height=\"411\" src=\"https:\/\/azurea.ch\/wp-content\/uploads\/2023\/10\/microtechnique2.jpg\" class=\"attachment-large size-large wp-image-613\" alt=\"\" srcset=\"https:\/\/azurea.ch\/wp-content\/uploads\/2023\/10\/microtechnique2.jpg 411w, https:\/\/azurea.ch\/wp-content\/uploads\/2023\/10\/microtechnique2-300x300.jpg 300w, https:\/\/azurea.ch\/wp-content\/uploads\/2023\/10\/microtechnique2-150x150.jpg 150w\" sizes=\"(max-width: 411px) 100vw, 411px\" \/>\t\t\t\t\t\t\t\t\t\t\t\t\t\t\t<\/div>\n\t\t\t\t\t<\/div>\n\t\t\t\t<\/div>\n\t\t\t\t\t<\/div>\n\t\t\t\t<\/div>\n\t\t\t\t\t<\/div>\n\t\t\t\t<\/div>\n\t\t\t\t<\/div>","protected":false},"excerpt":{"rendered":"<p>Microtechnique Notre savoir-faire nous permet d\u2019op\u00e9rer dans des domaines aussi diversifi\u00e9s que l\u2019automobile, l\u2019industrie alimentaire et l\u2019a\u00e9ronautique. Notre expertise Nos capacit\u00e9s en tournage, fraisage, traitements et assemblage nous permettent de proposer nos services dans d\u2019autres secteurs. Du prototypage \u00e0 la production de grandes s\u00e9ries, Azurea poss\u00e8de une grande expertise dans l\u2019usinage et assemblage de pi\u00e8ces [&hellip;]<\/p>\n","protected":false},"author":1,"featured_media":0,"parent":0,"menu_order":0,"comment_status":"closed","ping_status":"closed","template":"","meta":{"_acf_changed":false,"footnotes":""},"class_list":["post-602","page","type-page","status-publish","hentry"],"acf":[],"yoast_head":"<!-- This site is optimized with the Yoast SEO plugin v27.6 - https:\/\/yoast.com\/product\/yoast-seo-wordpress\/ -->\n<title>Microtechnique - Azurea<\/title>\n<meta name=\"description\" content=\"Notre savoir-faire nous permet d\u2019op\u00e9rer dans des domaines aussi diversifi\u00e9s que l\u2019automobile, l\u2019industrie alimentaire et l\u2019a\u00e9ronautique.\" \/>\n<meta name=\"robots\" content=\"index, follow, max-snippet:-1, max-image-preview:large, max-video-preview:-1\" \/>\n<link rel=\"canonical\" href=\"https:\/\/azurea.ch\/en\/microtechnology\/\" \/>\n<meta property=\"og:locale\" content=\"en_US\" \/>\n<meta property=\"og:type\" content=\"article\" \/>\n<meta property=\"og:title\" content=\"Microtechnique - Azurea\" \/>\n<meta property=\"og:description\" content=\"Notre savoir-faire nous permet d\u2019op\u00e9rer dans des domaines aussi diversifi\u00e9s que l\u2019automobile, l\u2019industrie alimentaire et l\u2019a\u00e9ronautique.\" \/>\n<meta property=\"og:url\" content=\"https:\/\/azurea.ch\/en\/microtechnology\/\" \/>\n<meta property=\"og:site_name\" content=\"Azurea\" \/>\n<meta property=\"article:modified_time\" content=\"2024-03-06T10:19:37+00:00\" \/>\n<meta property=\"og:image\" content=\"https:\/\/azurea.ch\/wp-content\/uploads\/2023\/12\/ATB3_detoure.png\" \/>\n<meta name=\"twitter:card\" content=\"summary_large_image\" \/>\n<meta name=\"twitter:label1\" content=\"Est. reading time\" \/>\n\t<meta name=\"twitter:data1\" content=\"3 minutes\" \/>\n<script type=\"application\/ld+json\" class=\"yoast-schema-graph\">{\"@context\":\"https:\\\/\\\/schema.org\",\"@graph\":[{\"@type\":\"WebPage\",\"@id\":\"https:\\\/\\\/azurea.ch\\\/microtechnique\\\/\",\"url\":\"https:\\\/\\\/azurea.ch\\\/microtechnique\\\/\",\"name\":\"Microtechnique - Azurea\",\"isPartOf\":{\"@id\":\"https:\\\/\\\/azurea.ch\\\/#website\"},\"primaryImageOfPage\":{\"@id\":\"https:\\\/\\\/azurea.ch\\\/microtechnique\\\/#primaryimage\"},\"image\":{\"@id\":\"https:\\\/\\\/azurea.ch\\\/microtechnique\\\/#primaryimage\"},\"thumbnailUrl\":\"https:\\\/\\\/azurea.ch\\\/wp-content\\\/uploads\\\/2023\\\/12\\\/ATB3_detoure.png\",\"datePublished\":\"2023-10-10T11:19:45+00:00\",\"dateModified\":\"2024-03-06T10:19:37+00:00\",\"description\":\"Notre savoir-faire nous permet d\u2019op\u00e9rer dans des domaines aussi diversifi\u00e9s que l\u2019automobile, l\u2019industrie alimentaire et l\u2019a\u00e9ronautique.\",\"breadcrumb\":{\"@id\":\"https:\\\/\\\/azurea.ch\\\/microtechnique\\\/#breadcrumb\"},\"inLanguage\":\"en-US\",\"potentialAction\":[{\"@type\":\"ReadAction\",\"target\":[\"https:\\\/\\\/azurea.ch\\\/microtechnique\\\/\"]}]},{\"@type\":\"ImageObject\",\"inLanguage\":\"en-US\",\"@id\":\"https:\\\/\\\/azurea.ch\\\/microtechnique\\\/#primaryimage\",\"url\":\"https:\\\/\\\/azurea.ch\\\/wp-content\\\/uploads\\\/2023\\\/12\\\/ATB3_detoure.png\",\"contentUrl\":\"https:\\\/\\\/azurea.ch\\\/wp-content\\\/uploads\\\/2023\\\/12\\\/ATB3_detoure.png\"},{\"@type\":\"BreadcrumbList\",\"@id\":\"https:\\\/\\\/azurea.ch\\\/microtechnique\\\/#breadcrumb\",\"itemListElement\":[{\"@type\":\"ListItem\",\"position\":1,\"name\":\"Accueil\",\"item\":\"https:\\\/\\\/azurea.ch\\\/\"},{\"@type\":\"ListItem\",\"position\":2,\"name\":\"Microtechnique\"}]},{\"@type\":\"WebSite\",\"@id\":\"https:\\\/\\\/azurea.ch\\\/#website\",\"url\":\"https:\\\/\\\/azurea.ch\\\/\",\"name\":\"Azurea\",\"description\":\"Excellence et savoir-faire dans l&#039;usinage de pr\u00e9cision depuis 100 ans - d\u00e9colletage\",\"publisher\":{\"@id\":\"https:\\\/\\\/azurea.ch\\\/#organization\"},\"potentialAction\":[{\"@type\":\"SearchAction\",\"target\":{\"@type\":\"EntryPoint\",\"urlTemplate\":\"https:\\\/\\\/azurea.ch\\\/?s={search_term_string}\"},\"query-input\":{\"@type\":\"PropertyValueSpecification\",\"valueRequired\":true,\"valueName\":\"search_term_string\"}}],\"inLanguage\":\"en-US\"},{\"@type\":\"Organization\",\"@id\":\"https:\\\/\\\/azurea.ch\\\/#organization\",\"name\":\"Azurea\",\"url\":\"https:\\\/\\\/azurea.ch\\\/\",\"logo\":{\"@type\":\"ImageObject\",\"inLanguage\":\"en-US\",\"@id\":\"https:\\\/\\\/azurea.ch\\\/#\\\/schema\\\/logo\\\/image\\\/\",\"url\":\"https:\\\/\\\/azurea.ch\\\/wp-content\\\/uploads\\\/2023\\\/09\\\/Azurea-logo.png\",\"contentUrl\":\"https:\\\/\\\/azurea.ch\\\/wp-content\\\/uploads\\\/2023\\\/09\\\/Azurea-logo.png\",\"width\":223,\"height\":36,\"caption\":\"Azurea\"},\"image\":{\"@id\":\"https:\\\/\\\/azurea.ch\\\/#\\\/schema\\\/logo\\\/image\\\/\"},\"sameAs\":[\"https:\\\/\\\/www.linkedin.com\\\/company\\\/azureatechnologies-group\"]}]}<\/script>\n<!-- \/ Yoast SEO plugin. -->","yoast_head_json":{"title":"Microtechnology - Azurea","description":"Our know-how enables us to operate in fields as diverse as the automotive, food and aeronautics industries.","robots":{"index":"index","follow":"follow","max-snippet":"max-snippet:-1","max-image-preview":"max-image-preview:large","max-video-preview":"max-video-preview:-1"},"canonical":"https:\/\/azurea.ch\/en\/microtechnology\/","og_locale":"en_US","og_type":"article","og_title":"Microtechnique - Azurea","og_description":"Notre savoir-faire nous permet d\u2019op\u00e9rer dans des domaines aussi diversifi\u00e9s que l\u2019automobile, l\u2019industrie alimentaire et l\u2019a\u00e9ronautique.","og_url":"https:\/\/azurea.ch\/en\/microtechnology\/","og_site_name":"Azurea","article_modified_time":"2024-03-06T10:19:37+00:00","og_image":[{"url":"https:\/\/azurea.ch\/wp-content\/uploads\/2023\/12\/ATB3_detoure.png","type":"","width":"","height":""}],"twitter_card":"summary_large_image","twitter_misc":{"Est. reading time":"3 minutes"},"schema":{"@context":"https:\/\/schema.org","@graph":[{"@type":"WebPage","@id":"https:\/\/azurea.ch\/microtechnique\/","url":"https:\/\/azurea.ch\/microtechnique\/","name":"Microtechnology - Azurea","isPartOf":{"@id":"https:\/\/azurea.ch\/#website"},"primaryImageOfPage":{"@id":"https:\/\/azurea.ch\/microtechnique\/#primaryimage"},"image":{"@id":"https:\/\/azurea.ch\/microtechnique\/#primaryimage"},"thumbnailUrl":"https:\/\/azurea.ch\/wp-content\/uploads\/2023\/12\/ATB3_detoure.png","datePublished":"2023-10-10T11:19:45+00:00","dateModified":"2024-03-06T10:19:37+00:00","description":"Our know-how enables us to operate in fields as diverse as the automotive, food and aeronautics industries.","breadcrumb":{"@id":"https:\/\/azurea.ch\/microtechnique\/#breadcrumb"},"inLanguage":"en-US","potentialAction":[{"@type":"ReadAction","target":["https:\/\/azurea.ch\/microtechnique\/"]}]},{"@type":"ImageObject","inLanguage":"en-US","@id":"https:\/\/azurea.ch\/microtechnique\/#primaryimage","url":"https:\/\/azurea.ch\/wp-content\/uploads\/2023\/12\/ATB3_detoure.png","contentUrl":"https:\/\/azurea.ch\/wp-content\/uploads\/2023\/12\/ATB3_detoure.png"},{"@type":"BreadcrumbList","@id":"https:\/\/azurea.ch\/microtechnique\/#breadcrumb","itemListElement":[{"@type":"ListItem","position":1,"name":"Accueil","item":"https:\/\/azurea.ch\/"},{"@type":"ListItem","position":2,"name":"Microtechnique"}]},{"@type":"WebSite","@id":"https:\/\/azurea.ch\/#website","url":"https:\/\/azurea.ch\/","name":"Azurea","description":"Excellence and know-how in precision machining for 100 years - d\u00e9colletage","publisher":{"@id":"https:\/\/azurea.ch\/#organization"},"potentialAction":[{"@type":"SearchAction","target":{"@type":"EntryPoint","urlTemplate":"https:\/\/azurea.ch\/?s={search_term_string}"},"query-input":{"@type":"PropertyValueSpecification","valueRequired":true,"valueName":"search_term_string"}}],"inLanguage":"en-US"},{"@type":"Organization","@id":"https:\/\/azurea.ch\/#organization","name":"Azurea","url":"https:\/\/azurea.ch\/","logo":{"@type":"ImageObject","inLanguage":"en-US","@id":"https:\/\/azurea.ch\/#\/schema\/logo\/image\/","url":"https:\/\/azurea.ch\/wp-content\/uploads\/2023\/09\/Azurea-logo.png","contentUrl":"https:\/\/azurea.ch\/wp-content\/uploads\/2023\/09\/Azurea-logo.png","width":223,"height":36,"caption":"Azurea"},"image":{"@id":"https:\/\/azurea.ch\/#\/schema\/logo\/image\/"},"sameAs":["https:\/\/www.linkedin.com\/company\/azureatechnologies-group"]}]}},"_links":{"self":[{"href":"https:\/\/azurea.ch\/en\/wp-json\/wp\/v2\/pages\/602","targetHints":{"allow":["GET"]}}],"collection":[{"href":"https:\/\/azurea.ch\/en\/wp-json\/wp\/v2\/pages"}],"about":[{"href":"https:\/\/azurea.ch\/en\/wp-json\/wp\/v2\/types\/page"}],"author":[{"embeddable":true,"href":"https:\/\/azurea.ch\/en\/wp-json\/wp\/v2\/users\/1"}],"replies":[{"embeddable":true,"href":"https:\/\/azurea.ch\/en\/wp-json\/wp\/v2\/comments?post=602"}],"version-history":[{"count":130,"href":"https:\/\/azurea.ch\/en\/wp-json\/wp\/v2\/pages\/602\/revisions"}],"predecessor-version":[{"id":2853,"href":"https:\/\/azurea.ch\/en\/wp-json\/wp\/v2\/pages\/602\/revisions\/2853"}],"wp:attachment":[{"href":"https:\/\/azurea.ch\/en\/wp-json\/wp\/v2\/media?parent=602"}],"curies":[{"name":"wp","href":"https:\/\/api.w.org\/{rel}","templated":true}]}}